{"id":2792,"date":"2026-05-15T09:47:33","date_gmt":"2026-05-15T07:47:33","guid":{"rendered":"https:\/\/colmo-shop.com\/?post_type=product&#038;p=2792"},"modified":"2026-05-15T09:47:33","modified_gmt":"2026-05-15T07:47:33","slug":"teranino-spritz-pipi-250-ml","status":"publish","type":"product","link":"https:\/\/colmo-shop.com\/hr\/product\/teranino-spritz-pipi-250-ml\/","title":{"rendered":"Teranino spritz Pipi 250 ml"},"content":{"rendered":"","protected":false},"excerpt":{"rendered":"<p>Teranino Spritz je osvje\u017eavaju\u0107e pi\u0107e koje savr\u0161eno kombinira aromati\u010dni liker Teranino s naran\u010dinim sokom i gaziranom vodom. Ova lagana i vo\u0107na mje\u0161avina nudi idealnu ravnote\u017eu izme\u0111u slatko\u0107e i kiselosti, pru\u017eaju\u0107i nalet osvje\u017eenja u svakom gutljaju. Savr\u0161eno je za opu\u0161tanje s prijateljima ili kao aperitiv u vru\u0107im ljetnim danima.<\/p>\n","protected":false},"featured_media":2789,"template":"","meta":[],"product_brand":[],"product_cat":[242],"product_tag":[],"class_list":{"0":"post-2792","1":"product","2":"type-product","3":"status-publish","4":"has-post-thumbnail","6":"product_cat-rakije-i-likeri","8":"first","9":"instock","10":"shipping-taxable","11":"purchasable","12":"product-type-simple"},"jetpack_sharing_enabled":true,"_links":{"self":[{"href":"https:\/\/colmo-shop.com\/hr\/wp-json\/wp\/v2\/product\/2792","targetHints":{"allow":["GET"]}}],"collection":[{"href":"https:\/\/colmo-shop.com\/hr\/wp-json\/wp\/v2\/product"}],"about":[{"href":"https:\/\/colmo-shop.com\/hr\/wp-json\/wp\/v2\/types\/product"}],"wp:featuredmedia":[{"embeddable":true,"href":"https:\/\/colmo-shop.com\/hr\/wp-json\/wp\/v2\/media\/2789"}],"wp:attachment":[{"href":"https:\/\/colmo-shop.com\/hr\/wp-json\/wp\/v2\/media?parent=2792"}],"wp:term":[{"taxonomy":"product_brand","embeddable":true,"href":"https:\/\/colmo-shop.com\/hr\/wp-json\/wp\/v2\/product_brand?post=2792"},{"taxonomy":"product_cat","embeddable":true,"href":"https:\/\/colmo-shop.com\/hr\/wp-json\/wp\/v2\/product_cat?post=2792"},{"taxonomy":"product_tag","embeddable":true,"href":"https:\/\/colmo-shop.com\/hr\/wp-json\/wp\/v2\/product_tag?post=2792"}],"curies":[{"name":"wp","href":"https:\/\/api.w.org\/{rel}","templated":true}]}}