{"id":2770,"date":"2026-04-30T12:40:00","date_gmt":"2026-04-30T10:40:00","guid":{"rendered":"https:\/\/colmo-shop.com\/?post_type=product&#038;p=2770"},"modified":"2026-04-30T12:40:00","modified_gmt":"2026-04-30T10:40:00","slug":"olive-oil-blend-mlvn","status":"publish","type":"product","link":"https:\/\/colmo-shop.com\/hr\/product\/olive-oil-blend-mlvn\/","title":{"rendered":"Maslinovo ulje Blend &#8211; MLVN"},"content":{"rendered":"","protected":false},"excerpt":{"rendered":"<p><span lang=\"HR\">MLVN BLEND\u00a0<\/span>Kupa\u017ea triju sorti maslina vrlo zastupljenih u Istri \u2013 Bjelica i Karbonaca autohtone sorte u Istri i vrlo zastupljen toskanski Leccino. Bjelica prepoznatljiva po svom svje\u017eem mirisu na zeleni plod masline, Karbonaca srednje intenzivno maslinovo ulje zaokru\u017eenog ugodnog mirisa na zeleno bilje i Leccino tako\u0111er vo\u0107nog i elegantnog mirisa sa ugodnom gor\u010dinom i pikantnosti popra\u0107en okusom \u017eute jabuke i dugotrajnim okusom \u017eute banane. Ove tri sorte maslina \u010dine savr\u0161enu kombinaciju u ovoj mje\u0161avini. Preporu\u010dena sljubljivanja: uz razna riblja jela s ro\u0161tilja i, naravno, uz &#8220;srednje&#8221; pe\u010dene odreske.<\/p>\n","protected":false},"featured_media":2751,"template":"","meta":[],"product_brand":[],"product_cat":[110,70],"product_tag":[318,316,317],"class_list":{"0":"post-2770","1":"product","2":"type-product","3":"status-publish","4":"has-post-thumbnail","6":"product_cat-gastro","7":"product_cat-oil","8":"product_tag-extra","9":"product_tag-oil","10":"product_tag-olive","12":"first","13":"instock","14":"shipping-taxable","15":"purchasable","16":"product-type-variable"},"jetpack_sharing_enabled":true,"_links":{"self":[{"href":"https:\/\/colmo-shop.com\/hr\/wp-json\/wp\/v2\/product\/2770","targetHints":{"allow":["GET"]}}],"collection":[{"href":"https:\/\/colmo-shop.com\/hr\/wp-json\/wp\/v2\/product"}],"about":[{"href":"https:\/\/colmo-shop.com\/hr\/wp-json\/wp\/v2\/types\/product"}],"wp:featuredmedia":[{"embeddable":true,"href":"https:\/\/colmo-shop.com\/hr\/wp-json\/wp\/v2\/media\/2751"}],"wp:attachment":[{"href":"https:\/\/colmo-shop.com\/hr\/wp-json\/wp\/v2\/media?parent=2770"}],"wp:term":[{"taxonomy":"product_brand","embeddable":true,"href":"https:\/\/colmo-shop.com\/hr\/wp-json\/wp\/v2\/product_brand?post=2770"},{"taxonomy":"product_cat","embeddable":true,"href":"https:\/\/colmo-shop.com\/hr\/wp-json\/wp\/v2\/product_cat?post=2770"},{"taxonomy":"product_tag","embeddable":true,"href":"https:\/\/colmo-shop.com\/hr\/wp-json\/wp\/v2\/product_tag?post=2770"}],"curies":[{"name":"wp","href":"https:\/\/api.w.org\/{rel}","templated":true}]}}