{"id":2766,"date":"2026-04-30T12:32:58","date_gmt":"2026-04-30T10:32:58","guid":{"rendered":"https:\/\/colmo-shop.com\/?post_type=product&#038;p=2766"},"modified":"2026-04-30T12:33:38","modified_gmt":"2026-04-30T10:33:38","slug":"olive-oil-leccino-mlvn","status":"publish","type":"product","link":"https:\/\/colmo-shop.com\/hr\/product\/olive-oil-leccino-mlvn\/","title":{"rendered":"Maslinovo ulje Leccino &#8211; MLVN"},"content":{"rendered":"","protected":false},"excerpt":{"rendered":"<p>MLVN LECCINO Toskanska sorta masline, ali vrlo zastupljena u Istri iu cijelome svijetu zbog osobite prilagodljivosti na razli\u010dite agroekolo\u0161ke uvjete. U ljetnim mjesecima lako podnosi su\u0161u, a u zimskim temperaturama dobro podnosi niske temperature i do \u2013 10 \u00b0C bez ve\u0107ih o\u0161te\u0107enja. Ulje je na nosu svje\u017ee, neodoljivo se osjeti miris poko\u0161ene svje\u017ee trave, izra\u017eena zaokru\u017eena vo\u0107nost, miris zelene jabuke.Blage gor\u010dine i ugodno izra\u017eene pikantnosti. U ustima okus zelene banane popra\u0107en sa ugodno trajnim \u201eafter tastom\u201c. Preporuka za sljubljivanje: uz Jadranske lignje na \u017earu, plavu ribu.<\/p>\n<p>&nbsp;<\/p>\n","protected":false},"featured_media":2753,"template":"","meta":[],"product_brand":[311],"product_cat":[110,70],"product_tag":[318,316,317],"class_list":{"0":"post-2766","1":"product","2":"type-product","3":"status-publish","4":"has-post-thumbnail","6":"product_brand-mlvn-masl-ulje","7":"product_cat-gastro","8":"product_cat-oil","9":"product_tag-extra","10":"product_tag-oil","11":"product_tag-olive","13":"first","14":"instock","15":"shipping-taxable","16":"purchasable","17":"product-type-variable"},"jetpack_sharing_enabled":true,"_links":{"self":[{"href":"https:\/\/colmo-shop.com\/hr\/wp-json\/wp\/v2\/product\/2766","targetHints":{"allow":["GET"]}}],"collection":[{"href":"https:\/\/colmo-shop.com\/hr\/wp-json\/wp\/v2\/product"}],"about":[{"href":"https:\/\/colmo-shop.com\/hr\/wp-json\/wp\/v2\/types\/product"}],"wp:featuredmedia":[{"embeddable":true,"href":"https:\/\/colmo-shop.com\/hr\/wp-json\/wp\/v2\/media\/2753"}],"wp:attachment":[{"href":"https:\/\/colmo-shop.com\/hr\/wp-json\/wp\/v2\/media?parent=2766"}],"wp:term":[{"taxonomy":"product_brand","embeddable":true,"href":"https:\/\/colmo-shop.com\/hr\/wp-json\/wp\/v2\/product_brand?post=2766"},{"taxonomy":"product_cat","embeddable":true,"href":"https:\/\/colmo-shop.com\/hr\/wp-json\/wp\/v2\/product_cat?post=2766"},{"taxonomy":"product_tag","embeddable":true,"href":"https:\/\/colmo-shop.com\/hr\/wp-json\/wp\/v2\/product_tag?post=2766"}],"curies":[{"name":"wp","href":"https:\/\/api.w.org\/{rel}","templated":true}]}}