{"id":2759,"date":"2026-04-30T11:13:21","date_gmt":"2026-04-30T09:13:21","guid":{"rendered":"https:\/\/colmo-shop.com\/?post_type=product&#038;p=2759"},"modified":"2026-04-30T11:34:49","modified_gmt":"2026-04-30T09:34:49","slug":"olive-oil-crnica-mlvn","status":"publish","type":"product","link":"https:\/\/colmo-shop.com\/hr\/product\/olive-oil-crnica-mlvn\/","title":{"rendered":"Maslinovo ulje \u010crnica &#8211; MLVN"},"content":{"rendered":"","protected":false},"excerpt":{"rendered":"<p>MLVN \u010cRNICA\u00a0Stara istarska autohtona sorta masline iz sjeverne Istre .Stablo je jakog, bujnog rasta. Plod je srednji do velik, na dugoj peteljci. Otporna je na uobi\u010dajene \u0161tetnike i bolesti. Ulje je gusto i ukusno, na nosu zaokru\u017eeni vo\u0107ni i elegantni mirisi, svje\u017ee, zeleno, zeleni list oraha, izra\u017eena ugodna i trajna gor\u010dina i pikantnost. Preporuka za sljubljivanje: uz tvrde sireve, hladna riblja predjela, bakalar i uz nje\u017ene riblje pa\u0161tete.<\/p>\n","protected":false},"featured_media":2754,"template":"","meta":[],"product_brand":[311],"product_cat":[110,70],"product_tag":[316,317],"class_list":{"0":"post-2759","1":"product","2":"type-product","3":"status-publish","4":"has-post-thumbnail","6":"product_brand-mlvn-masl-ulje","7":"product_cat-gastro","8":"product_cat-oil","9":"product_tag-oil","10":"product_tag-olive","12":"first","13":"instock","14":"shipping-taxable","15":"purchasable","16":"product-type-variable"},"jetpack_sharing_enabled":true,"_links":{"self":[{"href":"https:\/\/colmo-shop.com\/hr\/wp-json\/wp\/v2\/product\/2759","targetHints":{"allow":["GET"]}}],"collection":[{"href":"https:\/\/colmo-shop.com\/hr\/wp-json\/wp\/v2\/product"}],"about":[{"href":"https:\/\/colmo-shop.com\/hr\/wp-json\/wp\/v2\/types\/product"}],"wp:featuredmedia":[{"embeddable":true,"href":"https:\/\/colmo-shop.com\/hr\/wp-json\/wp\/v2\/media\/2754"}],"wp:attachment":[{"href":"https:\/\/colmo-shop.com\/hr\/wp-json\/wp\/v2\/media?parent=2759"}],"wp:term":[{"taxonomy":"product_brand","embeddable":true,"href":"https:\/\/colmo-shop.com\/hr\/wp-json\/wp\/v2\/product_brand?post=2759"},{"taxonomy":"product_cat","embeddable":true,"href":"https:\/\/colmo-shop.com\/hr\/wp-json\/wp\/v2\/product_cat?post=2759"},{"taxonomy":"product_tag","embeddable":true,"href":"https:\/\/colmo-shop.com\/hr\/wp-json\/wp\/v2\/product_tag?post=2759"}],"curies":[{"name":"wp","href":"https:\/\/api.w.org\/{rel}","templated":true}]}}