{"id":2743,"date":"2026-04-30T09:04:35","date_gmt":"2026-04-30T07:04:35","guid":{"rendered":"https:\/\/colmo-shop.com\/?post_type=product&#038;p=2743"},"modified":"2026-04-30T11:18:21","modified_gmt":"2026-04-30T09:18:21","slug":"olive-oil-bjelica-mlvn","status":"publish","type":"product","link":"https:\/\/colmo-shop.com\/hr\/product\/olive-oil-bjelica-mlvn\/","title":{"rendered":"Maslinovo ulje Bjelica &#8211; MLVN"},"content":{"rendered":"","protected":false},"excerpt":{"rendered":"<p style=\"font-weight: 400\">MLVN ISTARSKA BJELICA\u00a0Najotpornija autohtona istarska sorta masline rasprostranjena na podru\u010dju cijele Istre i Kvarnera. Ova sorta daje prepoznatljivo ulje svje\u017eeg mirisa na zeleni plod masline. Ulje je na nosu svje\u017ee, uz miris zelene masline koji se ispreple\u0107e sa mirisom lista paradajza ubranog u bakinom vrtu, na kraju ugodan miris suhog bilja. U ustima slatkasti okus \u017eute banane, \u201eafter taste\u201c ugodno izra\u017eene trajne gor\u010dine i zaokru\u017eeno vrlo ugodne pikantnosti. Preporuka za sljubljivanje: uz \u010dokoladne deserte ili uz ri\u017eoto sa svje\u017eim divljim \u0161parogama.<\/p>\n","protected":false},"featured_media":2755,"template":"","meta":[],"product_brand":[315],"product_cat":[110,70],"product_tag":[316],"class_list":{"0":"post-2743","1":"product","2":"type-product","3":"status-publish","4":"has-post-thumbnail","6":"product_brand-mlvn-ulje","7":"product_cat-gastro","8":"product_cat-oil","9":"product_tag-oil","11":"first","12":"instock","13":"shipping-taxable","14":"purchasable","15":"product-type-variable"},"jetpack_sharing_enabled":true,"_links":{"self":[{"href":"https:\/\/colmo-shop.com\/hr\/wp-json\/wp\/v2\/product\/2743","targetHints":{"allow":["GET"]}}],"collection":[{"href":"https:\/\/colmo-shop.com\/hr\/wp-json\/wp\/v2\/product"}],"about":[{"href":"https:\/\/colmo-shop.com\/hr\/wp-json\/wp\/v2\/types\/product"}],"wp:featuredmedia":[{"embeddable":true,"href":"https:\/\/colmo-shop.com\/hr\/wp-json\/wp\/v2\/media\/2755"}],"wp:attachment":[{"href":"https:\/\/colmo-shop.com\/hr\/wp-json\/wp\/v2\/media?parent=2743"}],"wp:term":[{"taxonomy":"product_brand","embeddable":true,"href":"https:\/\/colmo-shop.com\/hr\/wp-json\/wp\/v2\/product_brand?post=2743"},{"taxonomy":"product_cat","embeddable":true,"href":"https:\/\/colmo-shop.com\/hr\/wp-json\/wp\/v2\/product_cat?post=2743"},{"taxonomy":"product_tag","embeddable":true,"href":"https:\/\/colmo-shop.com\/hr\/wp-json\/wp\/v2\/product_tag?post=2743"}],"curies":[{"name":"wp","href":"https:\/\/api.w.org\/{rel}","templated":true}]}}