{"id":2730,"date":"2026-04-24T22:27:18","date_gmt":"2026-04-24T20:27:18","guid":{"rendered":"https:\/\/colmo-shop.com\/?post_type=product&#038;p=2730"},"modified":"2026-04-30T12:42:47","modified_gmt":"2026-04-30T10:42:47","slug":"roasted-hazelnut-liqueur","status":"publish","type":"product","link":"https:\/\/colmo-shop.com\/hr\/product\/roasted-hazelnut-liqueur\/","title":{"rendered":"Liker od pr\u017eenih lje\u0161njaka"},"content":{"rendered":"","protected":false},"excerpt":{"rendered":"<p>Liker od macerata pr\u017eenog lje\u0161njaka<\/p>\n","protected":false},"featured_media":2731,"template":"","meta":[],"product_brand":[259],"product_cat":[67,160,242],"product_tag":[320,319],"class_list":{"0":"post-2730","1":"product","2":"type-product","3":"status-publish","4":"has-post-thumbnail","6":"product_brand-martin-albus","7":"product_cat-brandy","8":"product_cat-liquor","9":"product_cat-rakije-i-likeri","10":"product_tag-hazelnut","11":"product_tag-ljesnjak","13":"first","14":"instock","15":"shipping-taxable","16":"purchasable","17":"product-type-variable"},"jetpack_sharing_enabled":true,"_links":{"self":[{"href":"https:\/\/colmo-shop.com\/hr\/wp-json\/wp\/v2\/product\/2730","targetHints":{"allow":["GET"]}}],"collection":[{"href":"https:\/\/colmo-shop.com\/hr\/wp-json\/wp\/v2\/product"}],"about":[{"href":"https:\/\/colmo-shop.com\/hr\/wp-json\/wp\/v2\/types\/product"}],"wp:featuredmedia":[{"embeddable":true,"href":"https:\/\/colmo-shop.com\/hr\/wp-json\/wp\/v2\/media\/2731"}],"wp:attachment":[{"href":"https:\/\/colmo-shop.com\/hr\/wp-json\/wp\/v2\/media?parent=2730"}],"wp:term":[{"taxonomy":"product_brand","embeddable":true,"href":"https:\/\/colmo-shop.com\/hr\/wp-json\/wp\/v2\/product_brand?post=2730"},{"taxonomy":"product_cat","embeddable":true,"href":"https:\/\/colmo-shop.com\/hr\/wp-json\/wp\/v2\/product_cat?post=2730"},{"taxonomy":"product_tag","embeddable":true,"href":"https:\/\/colmo-shop.com\/hr\/wp-json\/wp\/v2\/product_tag?post=2730"}],"curies":[{"name":"wp","href":"https:\/\/api.w.org\/{rel}","templated":true}]}}