{"id":2723,"date":"2026-04-24T08:19:24","date_gmt":"2026-04-24T06:19:24","guid":{"rendered":"https:\/\/colmo-shop.com\/?post_type=product&#038;p=2723"},"modified":"2026-04-24T08:19:24","modified_gmt":"2026-04-24T06:19:24","slug":"raw-honey-comb-450-g","status":"publish","type":"product","link":"https:\/\/colmo-shop.com\/hr\/product\/raw-honey-comb-450-g\/","title":{"rendered":"Med sa sa\u0107ama 450 g"},"content":{"rendered":"","protected":false},"excerpt":{"rendered":"<p><span class=\"light\">Med sa sa\u0107em je najzdraviji i najbolji na\u010din konzumacije meda zbog ostataka propolisa, peluda i mati\u010dne mlije\u010di koji se nalaze u p\u010delinjem sa\u0107u. Med sa sa\u0107em je ukusniji od klasi\u010dnog meda jer ima kiselkast okus od sa\u010duvanih organskih kiselina u sa\u0107u. U sa\u0107u ostaju sa\u010duvana i eteri\u010dna ulja biljaka s kojih p\u010dele sakupljaju nektar, iz tog razloga mu je i aroma bogatija i intenzivnija.\u00a0<\/span><\/p>\n<p><span class=\"light\">Med sa sa\u0107em je najzdraviji i najkvalitetniji oblik konzumacije meda i garancija je da je med u izvornom obliku, onakav kakvog su ga p\u010dele proizvele, bez dodatnih obrada ili intervencija od strane \u010dovjeka. Sa\u0107e s medom se dobiva tijekom svibnja i lipnja &#8211; ve\u0107inom na bagremovoj i kestenovoj pa\u0161i. Medno sa\u0107e se mo\u017ee \u010duvati na sobnoj temperaturi, ali isto tako se mo\u017ee i zamrznuti.<\/span><\/p>\n","protected":false},"featured_media":2724,"template":"","meta":[],"product_brand":[283],"product_cat":[72],"product_tag":[],"class_list":{"0":"post-2723","1":"product","2":"type-product","3":"status-publish","4":"has-post-thumbnail","6":"product_brand-med-bartolovic","7":"product_cat-honey","9":"first","10":"instock","11":"shipping-taxable","12":"purchasable","13":"product-type-simple"},"jetpack_sharing_enabled":true,"_links":{"self":[{"href":"https:\/\/colmo-shop.com\/hr\/wp-json\/wp\/v2\/product\/2723","targetHints":{"allow":["GET"]}}],"collection":[{"href":"https:\/\/colmo-shop.com\/hr\/wp-json\/wp\/v2\/product"}],"about":[{"href":"https:\/\/colmo-shop.com\/hr\/wp-json\/wp\/v2\/types\/product"}],"wp:featuredmedia":[{"embeddable":true,"href":"https:\/\/colmo-shop.com\/hr\/wp-json\/wp\/v2\/media\/2724"}],"wp:attachment":[{"href":"https:\/\/colmo-shop.com\/hr\/wp-json\/wp\/v2\/media?parent=2723"}],"wp:term":[{"taxonomy":"product_brand","embeddable":true,"href":"https:\/\/colmo-shop.com\/hr\/wp-json\/wp\/v2\/product_brand?post=2723"},{"taxonomy":"product_cat","embeddable":true,"href":"https:\/\/colmo-shop.com\/hr\/wp-json\/wp\/v2\/product_cat?post=2723"},{"taxonomy":"product_tag","embeddable":true,"href":"https:\/\/colmo-shop.com\/hr\/wp-json\/wp\/v2\/product_tag?post=2723"}],"curies":[{"name":"wp","href":"https:\/\/api.w.org\/{rel}","templated":true}]}}