{"id":2642,"date":"2026-02-21T11:01:29","date_gmt":"2026-02-21T10:01:29","guid":{"rendered":"https:\/\/colmo-shop.com\/?post_type=product&#038;p=2642"},"modified":"2026-02-21T11:02:09","modified_gmt":"2026-02-21T10:02:09","slug":"istrian-ombolo-pork-loin-cca-300g","status":"publish","type":"product","link":"https:\/\/colmo-shop.com\/hr\/product\/istrian-ombolo-pork-loin-cca-300g\/","title":{"rendered":"Ombolo 300 g , Pr\u0161utarna Jeleni\u0107"},"content":{"rendered":"","protected":false},"excerpt":{"rendered":"<p>Istarski ombolo, ili \u017elomprt, kako ga jo\u0161 nazivamo, su\u0161eni je dio svinjskog karea. Soli se morskom soli s dodatkom papra i ostalih mirodija te se nakon faze soljenja i odle\u017eavanja stavlja su\u0161iti oko tri tjedna ako ga \u017eelimo poslu\u017eiti pr\u017eenog odnosno 90 dana kada se narezuje suh na tanke kri\u0161ke, \u0161to je vrhunska gastronomska delicija.<\/p>\n<p>&nbsp;<\/p>\n","protected":false},"featured_media":2643,"template":"","meta":[],"product_brand":[302],"product_cat":[76],"product_tag":[],"class_list":{"0":"post-2642","1":"product","2":"type-product","3":"status-publish","4":"has-post-thumbnail","6":"product_brand-prsutarna-jelenic","7":"product_cat-salami","9":"first","10":"instock","11":"shipping-taxable","12":"purchasable","13":"product-type-simple"},"jetpack_sharing_enabled":true,"_links":{"self":[{"href":"https:\/\/colmo-shop.com\/hr\/wp-json\/wp\/v2\/product\/2642","targetHints":{"allow":["GET"]}}],"collection":[{"href":"https:\/\/colmo-shop.com\/hr\/wp-json\/wp\/v2\/product"}],"about":[{"href":"https:\/\/colmo-shop.com\/hr\/wp-json\/wp\/v2\/types\/product"}],"wp:featuredmedia":[{"embeddable":true,"href":"https:\/\/colmo-shop.com\/hr\/wp-json\/wp\/v2\/media\/2643"}],"wp:attachment":[{"href":"https:\/\/colmo-shop.com\/hr\/wp-json\/wp\/v2\/media?parent=2642"}],"wp:term":[{"taxonomy":"product_brand","embeddable":true,"href":"https:\/\/colmo-shop.com\/hr\/wp-json\/wp\/v2\/product_brand?post=2642"},{"taxonomy":"product_cat","embeddable":true,"href":"https:\/\/colmo-shop.com\/hr\/wp-json\/wp\/v2\/product_cat?post=2642"},{"taxonomy":"product_tag","embeddable":true,"href":"https:\/\/colmo-shop.com\/hr\/wp-json\/wp\/v2\/product_tag?post=2642"}],"curies":[{"name":"wp","href":"https:\/\/api.w.org\/{rel}","templated":true}]}}