{"id":2637,"date":"2026-02-21T10:51:50","date_gmt":"2026-02-21T09:51:50","guid":{"rendered":"https:\/\/colmo-shop.com\/?post_type=product&#038;p=2637"},"modified":"2026-02-21T10:51:50","modified_gmt":"2026-02-21T09:51:50","slug":"lamb-sausage-167-g-buretic-bregi","status":"publish","type":"product","link":"https:\/\/colmo-shop.com\/hr\/product\/lamb-sausage-167-g-buretic-bregi\/","title":{"rendered":"Janje\u0107a kobasica 167g, Bureti\u0107 Bregi"},"content":{"rendered":"","protected":false},"excerpt":{"rendered":"<p>Tradicionalna, od janje\u0107eg i ov\u010djeg mesa sa otoka Cresa<\/p>\n","protected":false},"featured_media":2638,"template":"","meta":[],"product_brand":[280],"product_cat":[76],"product_tag":[],"class_list":{"0":"post-2637","1":"product","2":"type-product","3":"status-publish","4":"has-post-thumbnail","6":"product_brand-buretic-bregi","7":"product_cat-salami","9":"first","10":"instock","11":"shipping-taxable","12":"purchasable","13":"product-type-simple"},"jetpack_sharing_enabled":true,"_links":{"self":[{"href":"https:\/\/colmo-shop.com\/hr\/wp-json\/wp\/v2\/product\/2637","targetHints":{"allow":["GET"]}}],"collection":[{"href":"https:\/\/colmo-shop.com\/hr\/wp-json\/wp\/v2\/product"}],"about":[{"href":"https:\/\/colmo-shop.com\/hr\/wp-json\/wp\/v2\/types\/product"}],"wp:featuredmedia":[{"embeddable":true,"href":"https:\/\/colmo-shop.com\/hr\/wp-json\/wp\/v2\/media\/2638"}],"wp:attachment":[{"href":"https:\/\/colmo-shop.com\/hr\/wp-json\/wp\/v2\/media?parent=2637"}],"wp:term":[{"taxonomy":"product_brand","embeddable":true,"href":"https:\/\/colmo-shop.com\/hr\/wp-json\/wp\/v2\/product_brand?post=2637"},{"taxonomy":"product_cat","embeddable":true,"href":"https:\/\/colmo-shop.com\/hr\/wp-json\/wp\/v2\/product_cat?post=2637"},{"taxonomy":"product_tag","embeddable":true,"href":"https:\/\/colmo-shop.com\/hr\/wp-json\/wp\/v2\/product_tag?post=2637"}],"curies":[{"name":"wp","href":"https:\/\/api.w.org\/{rel}","templated":true}]}}