{"id":2616,"date":"2026-02-21T09:49:41","date_gmt":"2026-02-21T08:49:41","guid":{"rendered":"https:\/\/colmo-shop.com\/?post_type=product&#038;p=2616"},"modified":"2026-02-21T09:49:41","modified_gmt":"2026-02-21T08:49:41","slug":"plum-brandy-wise-gruss-0-7-l","status":"publish","type":"product","link":"https:\/\/colmo-shop.com\/hr\/product\/plum-brandy-wise-gruss-0-7-l\/","title":{"rendered":"\u0160ljivovica Wise Gruss 0.7 L"},"content":{"rendered":"","protected":false},"excerpt":{"rendered":"<p>Ovu rakiju karakteriziraju mirisi i okusi suhe \u0161ljive, cimeta, biskvita s nje\u017enim notama gorkog badema. Dozrijevanjem u ba\u010dvama od slavonskog hrasta ova rakija dobiva zlatno\u017eutu boju te puno\u0107u okusa koji upotpunjuje do\u017eivljaj prilikom konzumacije.<\/p>\n","protected":false},"featured_media":2617,"template":"","meta":[],"product_brand":[300],"product_cat":[67,160,242],"product_tag":[],"class_list":{"0":"post-2616","1":"product","2":"type-product","3":"status-publish","4":"has-post-thumbnail","6":"product_brand-wise-gruss","7":"product_cat-brandy","8":"product_cat-liquor","9":"product_cat-rakije-i-likeri","11":"first","12":"instock","13":"shipping-taxable","14":"purchasable","15":"product-type-simple"},"jetpack_sharing_enabled":true,"_links":{"self":[{"href":"https:\/\/colmo-shop.com\/hr\/wp-json\/wp\/v2\/product\/2616","targetHints":{"allow":["GET"]}}],"collection":[{"href":"https:\/\/colmo-shop.com\/hr\/wp-json\/wp\/v2\/product"}],"about":[{"href":"https:\/\/colmo-shop.com\/hr\/wp-json\/wp\/v2\/types\/product"}],"wp:featuredmedia":[{"embeddable":true,"href":"https:\/\/colmo-shop.com\/hr\/wp-json\/wp\/v2\/media\/2617"}],"wp:attachment":[{"href":"https:\/\/colmo-shop.com\/hr\/wp-json\/wp\/v2\/media?parent=2616"}],"wp:term":[{"taxonomy":"product_brand","embeddable":true,"href":"https:\/\/colmo-shop.com\/hr\/wp-json\/wp\/v2\/product_brand?post=2616"},{"taxonomy":"product_cat","embeddable":true,"href":"https:\/\/colmo-shop.com\/hr\/wp-json\/wp\/v2\/product_cat?post=2616"},{"taxonomy":"product_tag","embeddable":true,"href":"https:\/\/colmo-shop.com\/hr\/wp-json\/wp\/v2\/product_tag?post=2616"}],"curies":[{"name":"wp","href":"https:\/\/api.w.org\/{rel}","templated":true}]}}