{"id":2374,"date":"2025-12-01T15:53:07","date_gmt":"2025-12-01T14:53:07","guid":{"rendered":"https:\/\/colmo-shop.com\/?post_type=product&#038;p=2374"},"modified":"2025-12-01T15:58:11","modified_gmt":"2025-12-01T14:58:11","slug":"earrings-mandala-green","status":"publish","type":"product","link":"https:\/\/colmo-shop.com\/hr\/product\/earrings-mandala-green\/","title":{"rendered":"Nau\u0161nice vise\u0107e &#8211; mandala zelene"},"content":{"rendered":"","protected":false},"excerpt":{"rendered":"<p>Ru\u010dno ra\u0111eni nakit od kirur\u0161kog \u010delika.<\/p>\n","protected":false},"featured_media":2530,"template":"","meta":[],"product_brand":[281],"product_cat":[251,15],"product_tag":[],"class_list":{"0":"post-2374","1":"product","2":"type-product","3":"status-publish","4":"has-post-thumbnail","6":"product_brand-lady-art","7":"product_cat-nakit","8":"product_cat-souvenirs","10":"first","11":"instock","12":"downloadable","13":"shipping-taxable","14":"purchasable","15":"product-type-simple"},"jetpack_sharing_enabled":true,"_links":{"self":[{"href":"https:\/\/colmo-shop.com\/hr\/wp-json\/wp\/v2\/product\/2374","targetHints":{"allow":["GET"]}}],"collection":[{"href":"https:\/\/colmo-shop.com\/hr\/wp-json\/wp\/v2\/product"}],"about":[{"href":"https:\/\/colmo-shop.com\/hr\/wp-json\/wp\/v2\/types\/product"}],"wp:featuredmedia":[{"embeddable":true,"href":"https:\/\/colmo-shop.com\/hr\/wp-json\/wp\/v2\/media\/2530"}],"wp:attachment":[{"href":"https:\/\/colmo-shop.com\/hr\/wp-json\/wp\/v2\/media?parent=2374"}],"wp:term":[{"taxonomy":"product_brand","embeddable":true,"href":"https:\/\/colmo-shop.com\/hr\/wp-json\/wp\/v2\/product_brand?post=2374"},{"taxonomy":"product_cat","embeddable":true,"href":"https:\/\/colmo-shop.com\/hr\/wp-json\/wp\/v2\/product_cat?post=2374"},{"taxonomy":"product_tag","embeddable":true,"href":"https:\/\/colmo-shop.com\/hr\/wp-json\/wp\/v2\/product_tag?post=2374"}],"curies":[{"name":"wp","href":"https:\/\/api.w.org\/{rel}","templated":true}]}}