{"id":2273,"date":"2025-02-25T17:43:55","date_gmt":"2025-02-25T16:43:55","guid":{"rendered":"https:\/\/colmo-shop.com\/?post_type=product&#038;p=2273"},"modified":"2025-02-25T17:45:44","modified_gmt":"2025-02-25T16:45:44","slug":"immortelle-face-serum","status":"publish","type":"product","link":"https:\/\/colmo-shop.com\/hr\/product\/immortelle-face-serum\/","title":{"rendered":"Smilje serum za lice"},"content":{"rendered":"","protected":false},"excerpt":{"rendered":"<p>DJELOVANJE: Serum ima sna\u017eno anti-age djelovanje, smanjuje nepravilnosti, a ko\u017eu \u010dini nahranjenom i glatkom. Smilje poma\u017ee kod pigmentacijskih nepravilnosti i o\u017eiljaka \u0161to dodatno pove\u0107ava elasti\u010dnost ko\u017ee. Tako\u0111er, \u010duva ko\u017eu od bora i poti\u010de cirkulaciju \u0161to ga \u010dini posebnim jer sna\u017eno regenerira umornu i suhu ko\u017eu izlo\u017eenu vanjskom i unutarnjem stresu. Serum je namijenjen suhoj ko\u017ei koja \u017eeli vratiti glatko\u0107u i nahranjenost<\/p>\n<p>&nbsp;<\/p>\n<p>PRIMJENA: Nanesite vrlo malu koli\u010dinu ulja na vla\u017enu i prethodno o\u010di\u0161\u0107enu ko\u017eu. Lagano umasirajte na lice, vrat i dekolte. Kod suhe ko\u017ee koristi se ujutro i nave\u010der, dok se kod normalne i kombinirane koristi jednom, ujutro ili nave\u010der. Ne sadr\u017ei konzervanse, mineralna ulja, sintetske mirise ni potencijalne iritanse za ko\u017eu.<\/p>\n","protected":false},"featured_media":2272,"template":"","meta":[],"product_brand":[],"product_cat":[69,225,109],"product_tag":[],"class_list":{"0":"post-2273","1":"product","2":"type-product","3":"status-publish","4":"has-post-thumbnail","6":"product_cat-cosmetics","7":"product_cat-njega-lica","8":"product_cat-face-cream","10":"first","11":"instock","12":"shipping-taxable","13":"purchasable","14":"product-type-simple"},"jetpack_sharing_enabled":true,"_links":{"self":[{"href":"https:\/\/colmo-shop.com\/hr\/wp-json\/wp\/v2\/product\/2273","targetHints":{"allow":["GET"]}}],"collection":[{"href":"https:\/\/colmo-shop.com\/hr\/wp-json\/wp\/v2\/product"}],"about":[{"href":"https:\/\/colmo-shop.com\/hr\/wp-json\/wp\/v2\/types\/product"}],"wp:featuredmedia":[{"embeddable":true,"href":"https:\/\/colmo-shop.com\/hr\/wp-json\/wp\/v2\/media\/2272"}],"wp:attachment":[{"href":"https:\/\/colmo-shop.com\/hr\/wp-json\/wp\/v2\/media?parent=2273"}],"wp:term":[{"taxonomy":"product_brand","embeddable":true,"href":"https:\/\/colmo-shop.com\/hr\/wp-json\/wp\/v2\/product_brand?post=2273"},{"taxonomy":"product_cat","embeddable":true,"href":"https:\/\/colmo-shop.com\/hr\/wp-json\/wp\/v2\/product_cat?post=2273"},{"taxonomy":"product_tag","embeddable":true,"href":"https:\/\/colmo-shop.com\/hr\/wp-json\/wp\/v2\/product_tag?post=2273"}],"curies":[{"name":"wp","href":"https:\/\/api.w.org\/{rel}","templated":true}]}}