{"id":2269,"date":"2025-02-25T17:40:47","date_gmt":"2025-02-25T16:40:47","guid":{"rendered":"https:\/\/colmo-shop.com\/?post_type=product&#038;p=2269"},"modified":"2025-02-25T17:49:03","modified_gmt":"2025-02-25T16:49:03","slug":"immortelle-nourishing-face-cream","status":"publish","type":"product","link":"https:\/\/colmo-shop.com\/hr\/product\/immortelle-nourishing-face-cream\/","title":{"rendered":"Smilje &#8211; hranjiva krema za lice"},"content":{"rendered":"","protected":false},"excerpt":{"rendered":"<p>&nbsp;<\/p>\n<p>Ova izuzetna nje\u017ena i hidratantna krema pogodna je za sve tipove ko\u017ee. Djelovanjem aktivnih sastojaka u ovoj kremi ona hrani,\u00a0<strong>regenerira ko\u017eu<\/strong>\u00a0i poma\u017ee u sprje\u010davanju pojavljivanja znakova starenja.<\/p>\n<p>&nbsp;<\/p>\n<p><strong>Stimulira obnovu ko\u017ee<\/strong>\u00a0i poma\u017ee u spre\u010davanju pojavljivanja znakova starenja. Poti\u010de obnovu povr\u0161inskih stanica ko\u017ee i\u00a0<strong>dubinski vla\u017ei i hrani ko\u017eu<\/strong>\u00a0lica.<\/p>\n<p>Hidratantna krema od smilja poti\u010de proizvodnju kolagena pa\u00a0<strong>poma\u017ee u smanjenju bora, revitalizira i regenerira<\/strong>, suhu i zrelu ko\u017eu.<\/p>\n<p>Krema pozitivno djeluje i na uklanjanje neujedna\u010dene pigmentacije ko\u017ee nastale uslijed starenja ko\u017ee.<\/p>\n<p>&nbsp;<\/p>\n<p>Preporu\u010damo je za dnevnu upotrebu jer je\u00a0<strong>izrazito lagane teksture<\/strong>\u00a0i ko\u017ea je odli\u010dno upija, sastavljena je od uljne koja hrani i njeguje i vodene faze koja ko\u017eu hidratizira.<\/p>\n","protected":false},"featured_media":2271,"template":"","meta":[],"product_brand":[],"product_cat":[69,225,109],"product_tag":[],"class_list":{"0":"post-2269","1":"product","2":"type-product","3":"status-publish","4":"has-post-thumbnail","6":"product_cat-cosmetics","7":"product_cat-njega-lica","8":"product_cat-face-cream","10":"first","11":"instock","12":"shipping-taxable","13":"purchasable","14":"product-type-simple"},"jetpack_sharing_enabled":true,"_links":{"self":[{"href":"https:\/\/colmo-shop.com\/hr\/wp-json\/wp\/v2\/product\/2269","targetHints":{"allow":["GET"]}}],"collection":[{"href":"https:\/\/colmo-shop.com\/hr\/wp-json\/wp\/v2\/product"}],"about":[{"href":"https:\/\/colmo-shop.com\/hr\/wp-json\/wp\/v2\/types\/product"}],"wp:featuredmedia":[{"embeddable":true,"href":"https:\/\/colmo-shop.com\/hr\/wp-json\/wp\/v2\/media\/2271"}],"wp:attachment":[{"href":"https:\/\/colmo-shop.com\/hr\/wp-json\/wp\/v2\/media?parent=2269"}],"wp:term":[{"taxonomy":"product_brand","embeddable":true,"href":"https:\/\/colmo-shop.com\/hr\/wp-json\/wp\/v2\/product_brand?post=2269"},{"taxonomy":"product_cat","embeddable":true,"href":"https:\/\/colmo-shop.com\/hr\/wp-json\/wp\/v2\/product_cat?post=2269"},{"taxonomy":"product_tag","embeddable":true,"href":"https:\/\/colmo-shop.com\/hr\/wp-json\/wp\/v2\/product_tag?post=2269"}],"curies":[{"name":"wp","href":"https:\/\/api.w.org\/{rel}","templated":true}]}}