{"id":2141,"date":"2024-04-03T18:09:18","date_gmt":"2024-04-03T16:09:18","guid":{"rendered":"https:\/\/colmo-shop.com\/?post_type=product&#038;p=2141"},"modified":"2026-04-27T12:28:19","modified_gmt":"2026-04-27T10:28:19","slug":"hrvatski-biska-krulcic","status":"publish","type":"product","link":"https:\/\/colmo-shop.com\/hr\/product\/hrvatski-biska-krulcic\/","title":{"rendered":"Biska Krul\u010di\u0107"},"content":{"rendered":"","protected":false},"excerpt":{"rendered":"<div>Biska je tradicionalna istarska specijalna rakija bez dodataka umjetnih aroma.<\/div>\n<div>\n<p>U komovici malvazije istarske i mu\u0161kata maceracojim li\u0161\u0107a imele i uz dodatak sladila jedna je od nepoznatijih istarskih rakija.<\/p>\n<p>Biska prije konzumiranja zrije do dvije godine kako bi dobila karakteristi\u010dna organolepti\u010dka svojstva.<\/p>\n<p>Jakost 38%<\/p>\n<\/div>\n","protected":false},"featured_media":2146,"template":"","meta":[],"product_brand":[270],"product_cat":[67,160,242],"product_tag":[],"class_list":{"0":"post-2141","1":"product","2":"type-product","3":"status-publish","4":"has-post-thumbnail","6":"product_brand-krulcic-distillery","7":"product_cat-brandy","8":"product_cat-liquor","9":"product_cat-rakije-i-likeri","11":"first","12":"instock","13":"shipping-taxable","14":"purchasable","15":"product-type-variable"},"jetpack_sharing_enabled":true,"_links":{"self":[{"href":"https:\/\/colmo-shop.com\/hr\/wp-json\/wp\/v2\/product\/2141","targetHints":{"allow":["GET"]}}],"collection":[{"href":"https:\/\/colmo-shop.com\/hr\/wp-json\/wp\/v2\/product"}],"about":[{"href":"https:\/\/colmo-shop.com\/hr\/wp-json\/wp\/v2\/types\/product"}],"wp:featuredmedia":[{"embeddable":true,"href":"https:\/\/colmo-shop.com\/hr\/wp-json\/wp\/v2\/media\/2146"}],"wp:attachment":[{"href":"https:\/\/colmo-shop.com\/hr\/wp-json\/wp\/v2\/media?parent=2141"}],"wp:term":[{"taxonomy":"product_brand","embeddable":true,"href":"https:\/\/colmo-shop.com\/hr\/wp-json\/wp\/v2\/product_brand?post=2141"},{"taxonomy":"product_cat","embeddable":true,"href":"https:\/\/colmo-shop.com\/hr\/wp-json\/wp\/v2\/product_cat?post=2141"},{"taxonomy":"product_tag","embeddable":true,"href":"https:\/\/colmo-shop.com\/hr\/wp-json\/wp\/v2\/product_tag?post=2141"}],"curies":[{"name":"wp","href":"https:\/\/api.w.org\/{rel}","templated":true}]}}