{"id":2126,"date":"2024-01-07T10:25:03","date_gmt":"2024-01-07T09:25:03","guid":{"rendered":"https:\/\/colmo-shop.com\/?post_type=product&#038;p=2126"},"modified":"2025-04-21T08:35:33","modified_gmt":"2025-04-21T06:35:33","slug":"white-truffle-sauce","status":"publish","type":"product","link":"https:\/\/colmo-shop.com\/hr\/product\/white-truffle-sauce\/","title":{"rendered":"Bijela tartufata"},"content":{"rendered":"","protected":false},"excerpt":{"rendered":"<p>Vrhunska delicija, \u010darobnog okusa od bijelog tartufa, sira Parmigiano Regiano i vrhnja koja svaki umak oboga\u0107uje i \u010dini bo\u017eanstvenim. Savr\u0161en okus pru\u017ea i kao namaz na topli kruh. Proizvod koji i najjednostavnija jela uzdi\u017ee na razinu delicije.<\/p>\n","protected":false},"featured_media":2127,"template":"","meta":[],"product_brand":[],"product_cat":[110,66],"product_tag":[],"class_list":{"0":"post-2126","1":"product","2":"type-product","3":"status-publish","4":"has-post-thumbnail","6":"product_cat-gastro","7":"product_cat-truffles","9":"first","10":"instock","11":"shipping-taxable","12":"purchasable","13":"product-type-variable"},"jetpack_sharing_enabled":true,"_links":{"self":[{"href":"https:\/\/colmo-shop.com\/hr\/wp-json\/wp\/v2\/product\/2126","targetHints":{"allow":["GET"]}}],"collection":[{"href":"https:\/\/colmo-shop.com\/hr\/wp-json\/wp\/v2\/product"}],"about":[{"href":"https:\/\/colmo-shop.com\/hr\/wp-json\/wp\/v2\/types\/product"}],"wp:featuredmedia":[{"embeddable":true,"href":"https:\/\/colmo-shop.com\/hr\/wp-json\/wp\/v2\/media\/2127"}],"wp:attachment":[{"href":"https:\/\/colmo-shop.com\/hr\/wp-json\/wp\/v2\/media?parent=2126"}],"wp:term":[{"taxonomy":"product_brand","embeddable":true,"href":"https:\/\/colmo-shop.com\/hr\/wp-json\/wp\/v2\/product_brand?post=2126"},{"taxonomy":"product_cat","embeddable":true,"href":"https:\/\/colmo-shop.com\/hr\/wp-json\/wp\/v2\/product_cat?post=2126"},{"taxonomy":"product_tag","embeddable":true,"href":"https:\/\/colmo-shop.com\/hr\/wp-json\/wp\/v2\/product_tag?post=2126"}],"curies":[{"name":"wp","href":"https:\/\/api.w.org\/{rel}","templated":true}]}}