{"id":2033,"date":"2023-12-10T15:38:40","date_gmt":"2023-12-10T14:38:40","guid":{"rendered":"https:\/\/colmo-shop.com\/?post_type=product&#038;p=2033"},"modified":"2023-12-10T16:20:18","modified_gmt":"2023-12-10T15:20:18","slug":"hrvatski-deodorant-lavanda","status":"publish","type":"product","link":"https:\/\/colmo-shop.com\/hr\/product\/hrvatski-deodorant-lavanda\/","title":{"rendered":"Deodorant LAVANDA"},"content":{"rendered":"","protected":false},"excerpt":{"rendered":"<p>Pru\u017ea dugotrajnu za\u0161titu i umiraju\u0107u svje\u017einu<br \/>\nPogodan za sve tipove ko\u017ee<\/p>\n","protected":false},"featured_media":2032,"template":"","meta":[],"product_brand":[],"product_cat":[71],"product_tag":[],"class_list":{"0":"post-2033","1":"product","2":"type-product","3":"status-publish","4":"has-post-thumbnail","6":"product_cat-balms","8":"first","9":"instock","10":"shipping-taxable","11":"purchasable","12":"product-type-simple"},"jetpack_sharing_enabled":true,"_links":{"self":[{"href":"https:\/\/colmo-shop.com\/hr\/wp-json\/wp\/v2\/product\/2033","targetHints":{"allow":["GET"]}}],"collection":[{"href":"https:\/\/colmo-shop.com\/hr\/wp-json\/wp\/v2\/product"}],"about":[{"href":"https:\/\/colmo-shop.com\/hr\/wp-json\/wp\/v2\/types\/product"}],"wp:featuredmedia":[{"embeddable":true,"href":"https:\/\/colmo-shop.com\/hr\/wp-json\/wp\/v2\/media\/2032"}],"wp:attachment":[{"href":"https:\/\/colmo-shop.com\/hr\/wp-json\/wp\/v2\/media?parent=2033"}],"wp:term":[{"taxonomy":"product_brand","embeddable":true,"href":"https:\/\/colmo-shop.com\/hr\/wp-json\/wp\/v2\/product_brand?post=2033"},{"taxonomy":"product_cat","embeddable":true,"href":"https:\/\/colmo-shop.com\/hr\/wp-json\/wp\/v2\/product_cat?post=2033"},{"taxonomy":"product_tag","embeddable":true,"href":"https:\/\/colmo-shop.com\/hr\/wp-json\/wp\/v2\/product_tag?post=2033"}],"curies":[{"name":"wp","href":"https:\/\/api.w.org\/{rel}","templated":true}]}}