{"id":2022,"date":"2023-12-10T15:27:53","date_gmt":"2023-12-10T14:27:53","guid":{"rendered":"https:\/\/colmo-shop.com\/?post_type=product&#038;p=2022"},"modified":"2023-12-10T16:21:48","modified_gmt":"2023-12-10T15:21:48","slug":"hrvatski-sinergija-full-energy-drops","status":"publish","type":"product","link":"https:\/\/colmo-shop.com\/hr\/product\/hrvatski-sinergija-full-energy-drops\/","title":{"rendered":"Sinergija Full Energy drops"},"content":{"rendered":"","protected":false},"excerpt":{"rendered":"<p>Ova sinergija stvara energetsku ravnote\u017eu, podi\u017ee raspolo\u017eenje i poti\u010de motivaciju,<br \/>\nOsna\u017euje tijelo, um i duh te poblj\u0161ava koncentraciju i pam\u0107enje.<\/p>\n","protected":false},"featured_media":2023,"template":"","meta":[],"product_brand":[],"product_cat":[247],"product_tag":[],"class_list":{"0":"post-2022","1":"product","2":"type-product","3":"status-publish","4":"has-post-thumbnail","6":"product_cat-etericna-ulja","8":"first","9":"instock","10":"shipping-taxable","11":"purchasable","12":"product-type-simple"},"jetpack_sharing_enabled":true,"_links":{"self":[{"href":"https:\/\/colmo-shop.com\/hr\/wp-json\/wp\/v2\/product\/2022","targetHints":{"allow":["GET"]}}],"collection":[{"href":"https:\/\/colmo-shop.com\/hr\/wp-json\/wp\/v2\/product"}],"about":[{"href":"https:\/\/colmo-shop.com\/hr\/wp-json\/wp\/v2\/types\/product"}],"wp:featuredmedia":[{"embeddable":true,"href":"https:\/\/colmo-shop.com\/hr\/wp-json\/wp\/v2\/media\/2023"}],"wp:attachment":[{"href":"https:\/\/colmo-shop.com\/hr\/wp-json\/wp\/v2\/media?parent=2022"}],"wp:term":[{"taxonomy":"product_brand","embeddable":true,"href":"https:\/\/colmo-shop.com\/hr\/wp-json\/wp\/v2\/product_brand?post=2022"},{"taxonomy":"product_cat","embeddable":true,"href":"https:\/\/colmo-shop.com\/hr\/wp-json\/wp\/v2\/product_cat?post=2022"},{"taxonomy":"product_tag","embeddable":true,"href":"https:\/\/colmo-shop.com\/hr\/wp-json\/wp\/v2\/product_tag?post=2022"}],"curies":[{"name":"wp","href":"https:\/\/api.w.org\/{rel}","templated":true}]}}