{"id":1950,"date":"2023-12-10T13:29:16","date_gmt":"2023-12-10T12:29:16","guid":{"rendered":"https:\/\/colmo-shop.com\/?post_type=product&#038;p=1950"},"modified":"2025-03-23T13:17:57","modified_gmt":"2025-03-23T12:17:57","slug":"hrvatski-ulje-za-tijelo-elegance","status":"publish","type":"product","link":"https:\/\/colmo-shop.com\/hr\/product\/hrvatski-ulje-za-tijelo-elegance\/","title":{"rendered":"Ulje za tijelo Elegance"},"content":{"rendered":"","protected":false},"excerpt":{"rendered":"<p>Luksuzna mje\u0161avina mirisa ru\u017ee, jasmina i pa\u010dulija u bademovom ulju.<\/p>\n","protected":false},"featured_media":1951,"template":"","meta":[],"product_brand":[],"product_cat":[105],"product_tag":[],"class_list":{"0":"post-1950","1":"product","2":"type-product","3":"status-publish","4":"has-post-thumbnail","6":"product_cat-perfume-oil","8":"first","9":"instock","10":"shipping-taxable","11":"purchasable","12":"product-type-simple"},"jetpack_sharing_enabled":true,"_links":{"self":[{"href":"https:\/\/colmo-shop.com\/hr\/wp-json\/wp\/v2\/product\/1950","targetHints":{"allow":["GET"]}}],"collection":[{"href":"https:\/\/colmo-shop.com\/hr\/wp-json\/wp\/v2\/product"}],"about":[{"href":"https:\/\/colmo-shop.com\/hr\/wp-json\/wp\/v2\/types\/product"}],"wp:featuredmedia":[{"embeddable":true,"href":"https:\/\/colmo-shop.com\/hr\/wp-json\/wp\/v2\/media\/1951"}],"wp:attachment":[{"href":"https:\/\/colmo-shop.com\/hr\/wp-json\/wp\/v2\/media?parent=1950"}],"wp:term":[{"taxonomy":"product_brand","embeddable":true,"href":"https:\/\/colmo-shop.com\/hr\/wp-json\/wp\/v2\/product_brand?post=1950"},{"taxonomy":"product_cat","embeddable":true,"href":"https:\/\/colmo-shop.com\/hr\/wp-json\/wp\/v2\/product_cat?post=1950"},{"taxonomy":"product_tag","embeddable":true,"href":"https:\/\/colmo-shop.com\/hr\/wp-json\/wp\/v2\/product_tag?post=1950"}],"curies":[{"name":"wp","href":"https:\/\/api.w.org\/{rel}","templated":true}]}}