{"id":1769,"date":"2023-02-10T10:48:48","date_gmt":"2023-02-10T09:48:48","guid":{"rendered":"https:\/\/colmo-shop.com\/?post_type=product&#038;p=1769"},"modified":"2024-10-10T10:05:19","modified_gmt":"2024-10-10T08:05:19","slug":"energy-honey","status":"publish","type":"product","link":"https:\/\/colmo-shop.com\/hr\/product\/energy-honey\/","title":{"rendered":"Energy med"},"content":{"rendered":"","protected":false},"excerpt":{"rendered":"<p>Energy med podi\u017ee imunitet, podi\u017ee energiju, daje snagu organizmu. Preporu\u010duje se djeci iznad 12 godina, odraslim i starijim osobama, te sporta\u0161ima.<\/p>\n","protected":false},"featured_media":1770,"template":"","meta":[],"product_brand":[],"product_cat":[110,72],"product_tag":[],"class_list":{"0":"post-1769","1":"product","2":"type-product","3":"status-publish","4":"has-post-thumbnail","6":"product_cat-gastro","7":"product_cat-honey","9":"first","10":"instock","11":"shipping-taxable","12":"purchasable","13":"product-type-simple"},"jetpack_sharing_enabled":true,"_links":{"self":[{"href":"https:\/\/colmo-shop.com\/hr\/wp-json\/wp\/v2\/product\/1769","targetHints":{"allow":["GET"]}}],"collection":[{"href":"https:\/\/colmo-shop.com\/hr\/wp-json\/wp\/v2\/product"}],"about":[{"href":"https:\/\/colmo-shop.com\/hr\/wp-json\/wp\/v2\/types\/product"}],"wp:featuredmedia":[{"embeddable":true,"href":"https:\/\/colmo-shop.com\/hr\/wp-json\/wp\/v2\/media\/1770"}],"wp:attachment":[{"href":"https:\/\/colmo-shop.com\/hr\/wp-json\/wp\/v2\/media?parent=1769"}],"wp:term":[{"taxonomy":"product_brand","embeddable":true,"href":"https:\/\/colmo-shop.com\/hr\/wp-json\/wp\/v2\/product_brand?post=1769"},{"taxonomy":"product_cat","embeddable":true,"href":"https:\/\/colmo-shop.com\/hr\/wp-json\/wp\/v2\/product_cat?post=1769"},{"taxonomy":"product_tag","embeddable":true,"href":"https:\/\/colmo-shop.com\/hr\/wp-json\/wp\/v2\/product_tag?post=1769"}],"curies":[{"name":"wp","href":"https:\/\/api.w.org\/{rel}","templated":true}]}}