{"id":1765,"date":"2023-02-10T10:42:14","date_gmt":"2023-02-10T09:42:14","guid":{"rendered":"https:\/\/colmo-shop.com\/?post_type=product&#038;p=1765"},"modified":"2026-04-27T12:49:51","modified_gmt":"2026-04-27T10:49:51","slug":"piling-ruza","status":"publish","type":"product","link":"https:\/\/colmo-shop.com\/hr\/product\/piling-ruza\/","title":{"rendered":"PILING RU\u017dA"},"content":{"rendered":"","protected":false},"excerpt":{"rendered":"<p>Piling za tijelo od ru\u017ee sadr\u017ei integralni \u0161e\u0107er od trske, apsolut ru\u017ee, bagremov med i kokosovo uje koji \u0107e vam ve\u0107 nakon prve upotrebe o\u010distiti i omek\u0161ati ko\u017eu. Vaj piling otvara pore te uklanja ne\u010disto\u0107e i mrtve stanice ko\u017ee. Ko\u017eu ostavlja mekom i svje\u017eom.<\/p>\n<p>150gr<\/p>\n","protected":false},"featured_media":1766,"template":"","meta":[],"product_brand":[276],"product_cat":[69],"product_tag":[],"class_list":{"0":"post-1765","1":"product","2":"type-product","3":"status-publish","4":"has-post-thumbnail","6":"product_brand-bio-et-naturalis","7":"product_cat-cosmetics","9":"first","10":"instock","11":"shipping-taxable","12":"purchasable","13":"product-type-simple"},"jetpack_sharing_enabled":true,"_links":{"self":[{"href":"https:\/\/colmo-shop.com\/hr\/wp-json\/wp\/v2\/product\/1765","targetHints":{"allow":["GET"]}}],"collection":[{"href":"https:\/\/colmo-shop.com\/hr\/wp-json\/wp\/v2\/product"}],"about":[{"href":"https:\/\/colmo-shop.com\/hr\/wp-json\/wp\/v2\/types\/product"}],"wp:featuredmedia":[{"embeddable":true,"href":"https:\/\/colmo-shop.com\/hr\/wp-json\/wp\/v2\/media\/1766"}],"wp:attachment":[{"href":"https:\/\/colmo-shop.com\/hr\/wp-json\/wp\/v2\/media?parent=1765"}],"wp:term":[{"taxonomy":"product_brand","embeddable":true,"href":"https:\/\/colmo-shop.com\/hr\/wp-json\/wp\/v2\/product_brand?post=1765"},{"taxonomy":"product_cat","embeddable":true,"href":"https:\/\/colmo-shop.com\/hr\/wp-json\/wp\/v2\/product_cat?post=1765"},{"taxonomy":"product_tag","embeddable":true,"href":"https:\/\/colmo-shop.com\/hr\/wp-json\/wp\/v2\/product_tag?post=1765"}],"curies":[{"name":"wp","href":"https:\/\/api.w.org\/{rel}","templated":true}]}}