{"id":1763,"date":"2023-02-10T10:39:39","date_gmt":"2023-02-10T09:39:39","guid":{"rendered":"https:\/\/colmo-shop.com\/?post_type=product&#038;p=1763"},"modified":"2026-04-27T12:50:00","modified_gmt":"2026-04-27T10:50:00","slug":"piling-lavanda","status":"publish","type":"product","link":"https:\/\/colmo-shop.com\/hr\/product\/piling-lavanda\/","title":{"rendered":"PILING LAVANDA"},"content":{"rendered":"","protected":false},"excerpt":{"rendered":"<p>Piling za tijelo od lavande sadr\u017ei eteri\u010dno ulje lavande, cvijet lavande i jadransku sol bogatu mineralima. Uklanja mrtve stanice ko\u017ee i ima opu\u0161taju\u0107i miris, te ostavljaja ko\u017eu mekom i glatkom. Stimulira mikrocirkulaciju ko\u017ee. Lavanda ima mnoge\u00a0 prednosti. Poma\u017ee da se opustimo, umanjuje bol, pobolj\u0161ava cirkulaciju te \u010disti ko\u017eu i poma\u017ee vam da di\u0161ete.<\/p>\n<p>330gr<\/p>\n","protected":false},"featured_media":1764,"template":"","meta":[],"product_brand":[276],"product_cat":[69],"product_tag":[],"class_list":{"0":"post-1763","1":"product","2":"type-product","3":"status-publish","4":"has-post-thumbnail","6":"product_brand-bio-et-naturalis","7":"product_cat-cosmetics","9":"first","10":"instock","11":"shipping-taxable","12":"purchasable","13":"product-type-simple"},"jetpack_sharing_enabled":true,"_links":{"self":[{"href":"https:\/\/colmo-shop.com\/hr\/wp-json\/wp\/v2\/product\/1763","targetHints":{"allow":["GET"]}}],"collection":[{"href":"https:\/\/colmo-shop.com\/hr\/wp-json\/wp\/v2\/product"}],"about":[{"href":"https:\/\/colmo-shop.com\/hr\/wp-json\/wp\/v2\/types\/product"}],"wp:featuredmedia":[{"embeddable":true,"href":"https:\/\/colmo-shop.com\/hr\/wp-json\/wp\/v2\/media\/1764"}],"wp:attachment":[{"href":"https:\/\/colmo-shop.com\/hr\/wp-json\/wp\/v2\/media?parent=1763"}],"wp:term":[{"taxonomy":"product_brand","embeddable":true,"href":"https:\/\/colmo-shop.com\/hr\/wp-json\/wp\/v2\/product_brand?post=1763"},{"taxonomy":"product_cat","embeddable":true,"href":"https:\/\/colmo-shop.com\/hr\/wp-json\/wp\/v2\/product_cat?post=1763"},{"taxonomy":"product_tag","embeddable":true,"href":"https:\/\/colmo-shop.com\/hr\/wp-json\/wp\/v2\/product_tag?post=1763"}],"curies":[{"name":"wp","href":"https:\/\/api.w.org\/{rel}","templated":true}]}}