{"id":1761,"date":"2023-02-10T10:37:30","date_gmt":"2023-02-10T09:37:30","guid":{"rendered":"https:\/\/colmo-shop.com\/?post_type=product&#038;p=1761"},"modified":"2023-02-10T10:38:32","modified_gmt":"2023-02-10T09:38:32","slug":"hidrolat-ruza","status":"publish","type":"product","link":"https:\/\/colmo-shop.com\/hr\/product\/hidrolat-ruza\/","title":{"rendered":"Hidrolat ru\u017ea"},"content":{"rendered":"","protected":false},"excerpt":{"rendered":"<p>Cvjetna voda ne sadr\u017ei alkohol. Cvjetna voda ru\u017ee vrlo je koristan proizvod koja \u010disti, njeguje i tonira. Poma\u017ee hidratiziraju, revitaliziraju i vla\u017ei ko\u017eu,\u00a0 daju\u0107i joj taj osvje\u017eeni izgled i ostavlja da lice izgleda blistavo. Pogodna je i za zrelu, suhu ko\u017eu, te upale, a korisna za osjetljive tipove ko\u017ee. Zbog\u00a0 nje\u017enosti ove vodice, koristi se i za upotrebu kod\u00a0 djece. Hidrolat ne sadr\u017ei alkohol.<\/p>\n","protected":false},"featured_media":1762,"template":"","meta":[],"product_brand":[],"product_cat":[69],"product_tag":[],"class_list":{"0":"post-1761","1":"product","2":"type-product","3":"status-publish","4":"has-post-thumbnail","6":"product_cat-cosmetics","8":"first","9":"instock","10":"shipping-taxable","11":"purchasable","12":"product-type-simple"},"jetpack_sharing_enabled":true,"_links":{"self":[{"href":"https:\/\/colmo-shop.com\/hr\/wp-json\/wp\/v2\/product\/1761","targetHints":{"allow":["GET"]}}],"collection":[{"href":"https:\/\/colmo-shop.com\/hr\/wp-json\/wp\/v2\/product"}],"about":[{"href":"https:\/\/colmo-shop.com\/hr\/wp-json\/wp\/v2\/types\/product"}],"wp:featuredmedia":[{"embeddable":true,"href":"https:\/\/colmo-shop.com\/hr\/wp-json\/wp\/v2\/media\/1762"}],"wp:attachment":[{"href":"https:\/\/colmo-shop.com\/hr\/wp-json\/wp\/v2\/media?parent=1761"}],"wp:term":[{"taxonomy":"product_brand","embeddable":true,"href":"https:\/\/colmo-shop.com\/hr\/wp-json\/wp\/v2\/product_brand?post=1761"},{"taxonomy":"product_cat","embeddable":true,"href":"https:\/\/colmo-shop.com\/hr\/wp-json\/wp\/v2\/product_cat?post=1761"},{"taxonomy":"product_tag","embeddable":true,"href":"https:\/\/colmo-shop.com\/hr\/wp-json\/wp\/v2\/product_tag?post=1761"}],"curies":[{"name":"wp","href":"https:\/\/api.w.org\/{rel}","templated":true}]}}