{"id":1754,"date":"2023-02-10T10:34:28","date_gmt":"2023-02-10T09:34:28","guid":{"rendered":"https:\/\/colmo-shop.com\/?post_type=product&#038;p=1754"},"modified":"2023-02-10T10:37:02","modified_gmt":"2023-02-10T09:37:02","slug":"hidrolat-lavanda","status":"publish","type":"product","link":"https:\/\/colmo-shop.com\/hr\/product\/hidrolat-lavanda\/","title":{"rendered":"Hidrolat Lavanda"},"content":{"rendered":"","protected":false},"excerpt":{"rendered":"<p>Koristi se kao hidratantni tonik za mje\u0161ovitu, masnu ko\u017eu sklonu aknama. Regenerira, \u010disti, hladi i osvje\u017eava ko\u017eu. Poma\u017ee kod uboda insekata. Idealna je\u00a0 kao sprej za osvje\u017eavanje lica i kose tijekom ljeta. Blago kiseli pH odr\u017eava prirodnu kiselost vlasi\u0161ta i odr\u017eavajte ravnote\u017eu hidrolipida, \u010dine\u0107i je zdravom i otpornom na utjecaji stresa iz okoline.<\/p>\n","protected":false},"featured_media":1760,"template":"","meta":[],"product_brand":[],"product_cat":[69],"product_tag":[],"class_list":{"0":"post-1754","1":"product","2":"type-product","3":"status-publish","4":"has-post-thumbnail","6":"product_cat-cosmetics","8":"first","9":"instock","10":"shipping-taxable","11":"purchasable","12":"product-type-simple"},"jetpack_sharing_enabled":true,"_links":{"self":[{"href":"https:\/\/colmo-shop.com\/hr\/wp-json\/wp\/v2\/product\/1754","targetHints":{"allow":["GET"]}}],"collection":[{"href":"https:\/\/colmo-shop.com\/hr\/wp-json\/wp\/v2\/product"}],"about":[{"href":"https:\/\/colmo-shop.com\/hr\/wp-json\/wp\/v2\/types\/product"}],"wp:featuredmedia":[{"embeddable":true,"href":"https:\/\/colmo-shop.com\/hr\/wp-json\/wp\/v2\/media\/1760"}],"wp:attachment":[{"href":"https:\/\/colmo-shop.com\/hr\/wp-json\/wp\/v2\/media?parent=1754"}],"wp:term":[{"taxonomy":"product_brand","embeddable":true,"href":"https:\/\/colmo-shop.com\/hr\/wp-json\/wp\/v2\/product_brand?post=1754"},{"taxonomy":"product_cat","embeddable":true,"href":"https:\/\/colmo-shop.com\/hr\/wp-json\/wp\/v2\/product_cat?post=1754"},{"taxonomy":"product_tag","embeddable":true,"href":"https:\/\/colmo-shop.com\/hr\/wp-json\/wp\/v2\/product_tag?post=1754"}],"curies":[{"name":"wp","href":"https:\/\/api.w.org\/{rel}","templated":true}]}}