{"id":1738,"date":"2023-02-10T10:18:56","date_gmt":"2023-02-10T09:18:56","guid":{"rendered":"https:\/\/colmo-shop.com\/?post_type=product&#038;p=1738"},"modified":"2023-11-21T14:38:20","modified_gmt":"2023-11-21T13:38:20","slug":"vragulin","status":"publish","type":"product","link":"https:\/\/colmo-shop.com\/hr\/product\/vragulin\/","title":{"rendered":"VRAGULIN"},"content":{"rendered":"","protected":false},"excerpt":{"rendered":"<p><strong>SASTOJCI<\/strong><br \/>\nrakija od gro\u017e\u0111a, med, voda, \u0111umbir, \u010dili, \u0161ipak<\/p>\n<p><strong>NARUD\u017dBA<\/strong><br \/>\nProizvodnja je ograni\u010denog karaktera \u0161to ovisi i o koli\u010dini aromati\u010dnih sastojka koje su na raspolaganju.<\/p>\n<p><strong>PREPORUKA<\/strong><br \/>\nPije se rashla\u0111eno \u010disto, bez dodataka tako \u0107e svje\u017eina i aroma najbolje do\u0107i do izra\u017eaja ili u kombinaciji sa dobrim craft tonikom.<\/p>\n","protected":false},"featured_media":1741,"template":"","meta":[],"product_brand":[],"product_cat":[110,160],"product_tag":[],"class_list":{"0":"post-1738","1":"product","2":"type-product","3":"status-publish","4":"has-post-thumbnail","6":"product_cat-gastro","7":"product_cat-liquor","9":"first","10":"instock","11":"shipping-taxable","12":"purchasable","13":"product-type-variable"},"jetpack_sharing_enabled":true,"_links":{"self":[{"href":"https:\/\/colmo-shop.com\/hr\/wp-json\/wp\/v2\/product\/1738","targetHints":{"allow":["GET"]}}],"collection":[{"href":"https:\/\/colmo-shop.com\/hr\/wp-json\/wp\/v2\/product"}],"about":[{"href":"https:\/\/colmo-shop.com\/hr\/wp-json\/wp\/v2\/types\/product"}],"wp:featuredmedia":[{"embeddable":true,"href":"https:\/\/colmo-shop.com\/hr\/wp-json\/wp\/v2\/media\/1741"}],"wp:attachment":[{"href":"https:\/\/colmo-shop.com\/hr\/wp-json\/wp\/v2\/media?parent=1738"}],"wp:term":[{"taxonomy":"product_brand","embeddable":true,"href":"https:\/\/colmo-shop.com\/hr\/wp-json\/wp\/v2\/product_brand?post=1738"},{"taxonomy":"product_cat","embeddable":true,"href":"https:\/\/colmo-shop.com\/hr\/wp-json\/wp\/v2\/product_cat?post=1738"},{"taxonomy":"product_tag","embeddable":true,"href":"https:\/\/colmo-shop.com\/hr\/wp-json\/wp\/v2\/product_tag?post=1738"}],"curies":[{"name":"wp","href":"https:\/\/api.w.org\/{rel}","templated":true}]}}