{"id":1734,"date":"2023-02-10T10:16:12","date_gmt":"2023-02-10T09:16:12","guid":{"rendered":"https:\/\/colmo-shop.com\/?post_type=product&#038;p=1734"},"modified":"2023-02-10T12:28:52","modified_gmt":"2023-02-10T11:28:52","slug":"sambukina","status":"publish","type":"product","link":"https:\/\/colmo-shop.com\/hr\/product\/sambukina\/","title":{"rendered":"SAMBUKINA"},"content":{"rendered":"","protected":false},"excerpt":{"rendered":"<p>Sambukina je spoj vrhunske rakije lozova\u010de nastale strogo kontroliranom fermentacijom i zatim destilacijom od najkvalitetnijih plodova vinove loze, sa najfinijem medom od bagrema uz dodatak svje\u017ee ubranog cvijeta bazge. Proizvodnja na tradicionalan na\u010din bez dodataka \u0161e\u0107era, umjetnih aroma i bojila \u010dini ga izuzetnim likerom omiljenim posebno me\u0111u ljubiteljima bazge zbog svojih izrazito karakteristi\u010dnih organolepti\u010dkih svojstva.<\/p>\n","protected":false},"featured_media":1735,"template":"","meta":[],"product_brand":[],"product_cat":[110,160],"product_tag":[],"class_list":{"0":"post-1734","1":"product","2":"type-product","3":"status-publish","4":"has-post-thumbnail","6":"product_cat-gastro","7":"product_cat-liquor","9":"first","10":"instock","11":"shipping-taxable","12":"purchasable","13":"product-type-variable"},"jetpack_sharing_enabled":true,"_links":{"self":[{"href":"https:\/\/colmo-shop.com\/hr\/wp-json\/wp\/v2\/product\/1734","targetHints":{"allow":["GET"]}}],"collection":[{"href":"https:\/\/colmo-shop.com\/hr\/wp-json\/wp\/v2\/product"}],"about":[{"href":"https:\/\/colmo-shop.com\/hr\/wp-json\/wp\/v2\/types\/product"}],"wp:featuredmedia":[{"embeddable":true,"href":"https:\/\/colmo-shop.com\/hr\/wp-json\/wp\/v2\/media\/1735"}],"wp:attachment":[{"href":"https:\/\/colmo-shop.com\/hr\/wp-json\/wp\/v2\/media?parent=1734"}],"wp:term":[{"taxonomy":"product_brand","embeddable":true,"href":"https:\/\/colmo-shop.com\/hr\/wp-json\/wp\/v2\/product_brand?post=1734"},{"taxonomy":"product_cat","embeddable":true,"href":"https:\/\/colmo-shop.com\/hr\/wp-json\/wp\/v2\/product_cat?post=1734"},{"taxonomy":"product_tag","embeddable":true,"href":"https:\/\/colmo-shop.com\/hr\/wp-json\/wp\/v2\/product_tag?post=1734"}],"curies":[{"name":"wp","href":"https:\/\/api.w.org\/{rel}","templated":true}]}}