{"id":1726,"date":"2023-02-10T10:05:56","date_gmt":"2023-02-10T09:05:56","guid":{"rendered":"https:\/\/colmo-shop.com\/?post_type=product&#038;p=1726"},"modified":"2023-12-11T17:30:15","modified_gmt":"2023-12-11T16:30:15","slug":"muskatina","status":"publish","type":"product","link":"https:\/\/colmo-shop.com\/hr\/product\/muskatina\/","title":{"rendered":"MU\u0160KATINA"},"content":{"rendered":"","protected":false},"excerpt":{"rendered":"<p>Ova vrhunska rakija lozova\u010da nastaje strogo kontroliranom fermentacijom od najkvalitetnije selekcije gro\u017e\u0111a sorte muskat \u017euti, djelovanjem posebno selektiranih vo\u0107nih kvasaca i pa\u017eljivom finom destilacijom. Na\u0161a se \u201cMu\u0161katina\u201d proizvodi na tradicionalan na\u010din i prije konzumiranja zrije jednu godinu kako bi dobila karakteristi\u010dna organolepti\u010dka svojstva koja nastaju zahvaljuju\u0107i tipi\u010dne arome muskatnog gro\u017e\u0111a. Konstantno je nagra\u0111ivana ve\u0107 dugi niz godina na regionalnim natjecanjima i smotrama.<\/p>\n","protected":false},"featured_media":1727,"template":"","meta":[],"product_brand":[],"product_cat":[67,110,160],"product_tag":[],"class_list":{"0":"post-1726","1":"product","2":"type-product","3":"status-publish","4":"has-post-thumbnail","6":"product_cat-brandy","7":"product_cat-gastro","8":"product_cat-liquor","10":"first","11":"instock","12":"shipping-taxable","13":"purchasable","14":"product-type-variable"},"jetpack_sharing_enabled":true,"_links":{"self":[{"href":"https:\/\/colmo-shop.com\/hr\/wp-json\/wp\/v2\/product\/1726","targetHints":{"allow":["GET"]}}],"collection":[{"href":"https:\/\/colmo-shop.com\/hr\/wp-json\/wp\/v2\/product"}],"about":[{"href":"https:\/\/colmo-shop.com\/hr\/wp-json\/wp\/v2\/types\/product"}],"wp:featuredmedia":[{"embeddable":true,"href":"https:\/\/colmo-shop.com\/hr\/wp-json\/wp\/v2\/media\/1727"}],"wp:attachment":[{"href":"https:\/\/colmo-shop.com\/hr\/wp-json\/wp\/v2\/media?parent=1726"}],"wp:term":[{"taxonomy":"product_brand","embeddable":true,"href":"https:\/\/colmo-shop.com\/hr\/wp-json\/wp\/v2\/product_brand?post=1726"},{"taxonomy":"product_cat","embeddable":true,"href":"https:\/\/colmo-shop.com\/hr\/wp-json\/wp\/v2\/product_cat?post=1726"},{"taxonomy":"product_tag","embeddable":true,"href":"https:\/\/colmo-shop.com\/hr\/wp-json\/wp\/v2\/product_tag?post=1726"}],"curies":[{"name":"wp","href":"https:\/\/api.w.org\/{rel}","templated":true}]}}