{"id":1722,"date":"2023-02-10T10:00:41","date_gmt":"2023-02-10T09:00:41","guid":{"rendered":"https:\/\/colmo-shop.com\/?post_type=product&#038;p=1722"},"modified":"2026-02-20T11:17:04","modified_gmt":"2026-02-20T10:17:04","slug":"orancello","status":"publish","type":"product","link":"https:\/\/colmo-shop.com\/hr\/product\/orancello\/","title":{"rendered":"ORANCELLO , AURA"},"content":{"rendered":"","protected":false},"excerpt":{"rendered":"<p>Spravljen od korica ekolo\u0161kih naran\u010di, na isti, potpuno prirodni na\u010din kao i Limoncello. Korice se pa\u017eljivo uklanjaju \u0161to je tanje mogu\u0107e, da se ne zahvati bijeli dio koji daje gor\u010dinu. Nakon toga idu na maceraciju u alkoholni destilat. Ovaj digestiv prava je ljetna uvertira. Poslu\u017euje se kao rashla\u0111en digestiv, a mo\u017ee tvoriti ukusni koktel Orancello Spritz u kombinaciji sa Pjenu\u0161avim vinom, mineralnom vodom, nekoliko kockica leda i kri\u0161kom naran\u010de.<\/p>\n<p>0,7 L<\/p>\n","protected":false},"featured_media":1723,"template":"","meta":[],"product_brand":[],"product_cat":[67,110,160,242],"product_tag":[],"class_list":{"0":"post-1722","1":"product","2":"type-product","3":"status-publish","4":"has-post-thumbnail","6":"product_cat-brandy","7":"product_cat-gastro","8":"product_cat-liquor","9":"product_cat-rakije-i-likeri","11":"first","12":"instock","13":"shipping-taxable","14":"purchasable","15":"product-type-variable"},"jetpack_sharing_enabled":true,"_links":{"self":[{"href":"https:\/\/colmo-shop.com\/hr\/wp-json\/wp\/v2\/product\/1722","targetHints":{"allow":["GET"]}}],"collection":[{"href":"https:\/\/colmo-shop.com\/hr\/wp-json\/wp\/v2\/product"}],"about":[{"href":"https:\/\/colmo-shop.com\/hr\/wp-json\/wp\/v2\/types\/product"}],"wp:featuredmedia":[{"embeddable":true,"href":"https:\/\/colmo-shop.com\/hr\/wp-json\/wp\/v2\/media\/1723"}],"wp:attachment":[{"href":"https:\/\/colmo-shop.com\/hr\/wp-json\/wp\/v2\/media?parent=1722"}],"wp:term":[{"taxonomy":"product_brand","embeddable":true,"href":"https:\/\/colmo-shop.com\/hr\/wp-json\/wp\/v2\/product_brand?post=1722"},{"taxonomy":"product_cat","embeddable":true,"href":"https:\/\/colmo-shop.com\/hr\/wp-json\/wp\/v2\/product_cat?post=1722"},{"taxonomy":"product_tag","embeddable":true,"href":"https:\/\/colmo-shop.com\/hr\/wp-json\/wp\/v2\/product_tag?post=1722"}],"curies":[{"name":"wp","href":"https:\/\/api.w.org\/{rel}","templated":true}]}}