{"id":1625,"date":"2021-10-05T08:51:27","date_gmt":"2021-10-05T06:51:27","guid":{"rendered":"https:\/\/colmo-shop.com\/?post_type=product&#038;p=1625"},"modified":"2023-02-02T08:45:18","modified_gmt":"2023-02-02T07:45:18","slug":"powdered-spice-with-lyophilized-black-summer-truffle","status":"publish","type":"product","link":"https:\/\/colmo-shop.com\/hr\/product\/powdered-spice-with-lyophilized-black-summer-truffle\/","title":{"rendered":"Za\u010din u prahu s liofiliziranim crnim ljetnim tartufom"},"content":{"rendered":"","protected":false},"excerpt":{"rendered":"<div class=\"fusion-li-item-content\">\n<div class=\"fusion-li-item-content\">\n<p><strong>Sastojci:<\/strong>\u00a0Ri\u017eino bra\u0161no, sol, prirodne arome, liofilizirani (dehidrirani) crni ljetni tartuf u prahu (Tuber aestivum Vitt.) 5%-isto kao 25% svje\u017eeg tartufa, bra\u0161no roga\u010da, arome, papar.<\/p>\n<\/div>\n<p>&nbsp;<\/p>\n<div class=\"fusion-li-item-content\">\n<p><strong>Doziranje:<\/strong>\u00a01\/2-1 mala \u017elica po porciji.<\/p>\n<\/div>\n<p>&nbsp;<\/p>\n<div class=\"fusion-li-item-content\">\n<p><strong>Upotreba:<\/strong>\u00a0Ovaj za\u010din u prahu s liofiliziranim (dehidriranim) crnim tartufima mo\u017eete dodati na tjesteninu, riblja ili mesna jela, pizzu, salatu, jaja, pomfrit ili pak na kokice dok gledate va\u0161e omiljene serije. Koje god jelo odabrali, za\u010din \u0107e marljivo odraditi svoj posao jer ovaj za\u010din pa\u0161e uz sve!<\/p>\n<\/div>\n<p>&nbsp;<\/p>\n<div class=\"fusion-li-item-content\">\n<p><strong>Koli\u010dine:<\/strong>\u00a050 g<\/p>\n<\/div>\n<\/div>\n","protected":false},"featured_media":1623,"template":"","meta":[],"product_brand":[],"product_cat":[110,66],"product_tag":[],"class_list":{"0":"post-1625","1":"product","2":"type-product","3":"status-publish","4":"has-post-thumbnail","6":"product_cat-gastro","7":"product_cat-truffles","9":"first","10":"instock","11":"shipping-taxable","12":"purchasable","13":"product-type-simple"},"jetpack_sharing_enabled":true,"_links":{"self":[{"href":"https:\/\/colmo-shop.com\/hr\/wp-json\/wp\/v2\/product\/1625","targetHints":{"allow":["GET"]}}],"collection":[{"href":"https:\/\/colmo-shop.com\/hr\/wp-json\/wp\/v2\/product"}],"about":[{"href":"https:\/\/colmo-shop.com\/hr\/wp-json\/wp\/v2\/types\/product"}],"wp:featuredmedia":[{"embeddable":true,"href":"https:\/\/colmo-shop.com\/hr\/wp-json\/wp\/v2\/media\/1623"}],"wp:attachment":[{"href":"https:\/\/colmo-shop.com\/hr\/wp-json\/wp\/v2\/media?parent=1625"}],"wp:term":[{"taxonomy":"product_brand","embeddable":true,"href":"https:\/\/colmo-shop.com\/hr\/wp-json\/wp\/v2\/product_brand?post=1625"},{"taxonomy":"product_cat","embeddable":true,"href":"https:\/\/colmo-shop.com\/hr\/wp-json\/wp\/v2\/product_cat?post=1625"},{"taxonomy":"product_tag","embeddable":true,"href":"https:\/\/colmo-shop.com\/hr\/wp-json\/wp\/v2\/product_tag?post=1625"}],"curies":[{"name":"wp","href":"https:\/\/api.w.org\/{rel}","templated":true}]}}