{"id":1622,"date":"2021-10-05T08:50:00","date_gmt":"2021-10-05T06:50:00","guid":{"rendered":"https:\/\/colmo-shop.com\/?post_type=product&#038;p=1622"},"modified":"2026-02-20T13:19:28","modified_gmt":"2026-02-20T12:19:28","slug":"powdered-spice-with-lyophilized-white-truffle","status":"publish","type":"product","link":"https:\/\/colmo-shop.com\/hr\/product\/powdered-spice-with-lyophilized-white-truffle\/","title":{"rendered":"Za\u010din u prahu s liofiliziranim bijelim tartufom"},"content":{"rendered":"","protected":false},"excerpt":{"rendered":"<div class=\"fusion-li-item-content\">\n<p><strong>Sastojci:<\/strong> Ri\u017eino bra\u0161no, sol, prirodne arome, liofilizirani (dehidrirani) bijeli tartuf (Tuber magnatum Pico) 1%-isto kao 5% svje\u017eeg tartufa, papar.<\/p>\n<\/div>\n<div class=\"fusion-li-item-content\">\n<p><strong>Doziranje:<\/strong> 1\/2-1 mala \u017elica po porciji.<\/p>\n<\/div>\n<div class=\"fusion-li-item-content\">\n<p><strong>Upotreba:<\/strong> Ovaj za\u010din u prahu s liofiliziranim (dehidriranim) bijelim tartufima mo\u017eete dodati na tjesteninu, riblja ili mesna jela, pizzu, salatu, jaja, pomfrit ili pak na kokice dok gledate va\u0161e omiljene serije. Koje god jelo odabrali, za\u010din \u0107e marljivo odraditi svoj posao jer ovaj za\u010din pa\u0161e uz sve!<\/p>\n<\/div>\n<div class=\"fusion-li-item-content\">\n<p><strong>Koli\u010dine:<\/strong>\u00a050 g<\/p>\n<\/div>\n","protected":false},"featured_media":1624,"template":"","meta":[],"product_brand":[],"product_cat":[110,66],"product_tag":[],"class_list":{"0":"post-1622","1":"product","2":"type-product","3":"status-publish","4":"has-post-thumbnail","6":"product_cat-gastro","7":"product_cat-truffles","9":"first","10":"instock","11":"shipping-taxable","12":"purchasable","13":"product-type-simple"},"jetpack_sharing_enabled":true,"_links":{"self":[{"href":"https:\/\/colmo-shop.com\/hr\/wp-json\/wp\/v2\/product\/1622","targetHints":{"allow":["GET"]}}],"collection":[{"href":"https:\/\/colmo-shop.com\/hr\/wp-json\/wp\/v2\/product"}],"about":[{"href":"https:\/\/colmo-shop.com\/hr\/wp-json\/wp\/v2\/types\/product"}],"wp:featuredmedia":[{"embeddable":true,"href":"https:\/\/colmo-shop.com\/hr\/wp-json\/wp\/v2\/media\/1624"}],"wp:attachment":[{"href":"https:\/\/colmo-shop.com\/hr\/wp-json\/wp\/v2\/media?parent=1622"}],"wp:term":[{"taxonomy":"product_brand","embeddable":true,"href":"https:\/\/colmo-shop.com\/hr\/wp-json\/wp\/v2\/product_brand?post=1622"},{"taxonomy":"product_cat","embeddable":true,"href":"https:\/\/colmo-shop.com\/hr\/wp-json\/wp\/v2\/product_cat?post=1622"},{"taxonomy":"product_tag","embeddable":true,"href":"https:\/\/colmo-shop.com\/hr\/wp-json\/wp\/v2\/product_tag?post=1622"}],"curies":[{"name":"wp","href":"https:\/\/api.w.org\/{rel}","templated":true}]}}