{"id":1404,"date":"2021-05-14T11:03:35","date_gmt":"2021-05-14T11:03:35","guid":{"rendered":"https:\/\/colmo-shop.com\/?post_type=product&#038;p=1404"},"modified":"2023-12-11T17:34:51","modified_gmt":"2023-12-11T16:34:51","slug":"white-truffle-gin-limited-edition","status":"publish","type":"product","link":"https:\/\/colmo-shop.com\/hr\/product\/white-truffle-gin-limited-edition\/","title":{"rendered":"Gin od bijelog tartufa (ograni\u010deno izdanje)"},"content":{"rendered":"","protected":false},"excerpt":{"rendered":"<p>Prvi Premium Gin s bijelim tartufima 2020. proizveden je u ograni\u010denom broju od 669 boca. To je vrhunski gin na bazi \u017eitnog destilata i bobica borovice ubranih u ekolo\u0161ki \u010distom okoli\u0161u. Macerira se tri mjeseca, a destilira se tri puta s devet za\u010dina i bijelim tartufima iz srca Motovunske \u0161ume. Krasi ga lijepa prozirna boja sa blagom notom elementa boje gline, kristalno je bistro i gusto a miris je fin i ugodan. Na mirisu dominira nota borovice potom nota mahovine, mokrog morskog kamena, liquirizie te nota bijelog tartufa. Na okusu je suh, fin, topal i elegantan a na aftertasteu se ponovno javlja liquirizia.<\/p>\n<p>0,7 L<\/p>\n","protected":false},"featured_media":1721,"template":"","meta":[],"product_brand":[],"product_cat":[110,160,66],"product_tag":[],"class_list":{"0":"post-1404","1":"product","2":"type-product","3":"status-publish","4":"has-post-thumbnail","6":"product_cat-gastro","7":"product_cat-liquor","8":"product_cat-truffles","10":"first","11":"instock","12":"shipping-taxable","13":"purchasable","14":"product-type-simple"},"jetpack_sharing_enabled":true,"_links":{"self":[{"href":"https:\/\/colmo-shop.com\/hr\/wp-json\/wp\/v2\/product\/1404","targetHints":{"allow":["GET"]}}],"collection":[{"href":"https:\/\/colmo-shop.com\/hr\/wp-json\/wp\/v2\/product"}],"about":[{"href":"https:\/\/colmo-shop.com\/hr\/wp-json\/wp\/v2\/types\/product"}],"wp:featuredmedia":[{"embeddable":true,"href":"https:\/\/colmo-shop.com\/hr\/wp-json\/wp\/v2\/media\/1721"}],"wp:attachment":[{"href":"https:\/\/colmo-shop.com\/hr\/wp-json\/wp\/v2\/media?parent=1404"}],"wp:term":[{"taxonomy":"product_brand","embeddable":true,"href":"https:\/\/colmo-shop.com\/hr\/wp-json\/wp\/v2\/product_brand?post=1404"},{"taxonomy":"product_cat","embeddable":true,"href":"https:\/\/colmo-shop.com\/hr\/wp-json\/wp\/v2\/product_cat?post=1404"},{"taxonomy":"product_tag","embeddable":true,"href":"https:\/\/colmo-shop.com\/hr\/wp-json\/wp\/v2\/product_tag?post=1404"}],"curies":[{"name":"wp","href":"https:\/\/api.w.org\/{rel}","templated":true}]}}