{"id":1400,"date":"2021-05-14T11:01:36","date_gmt":"2021-05-14T11:01:36","guid":{"rendered":"https:\/\/colmo-shop.com\/?post_type=product&#038;p=1400"},"modified":"2024-04-03T18:20:23","modified_gmt":"2024-04-03T16:20:23","slug":"whole-white-truffles","status":"publish","type":"product","link":"https:\/\/colmo-shop.com\/hr\/product\/whole-white-truffles\/","title":{"rendered":"Cijeli bijeli tartufi"},"content":{"rendered":"","protected":false},"excerpt":{"rendered":"<p>Cijeli bijeli tartufi u slanoj vodi i maslinovom ulju izvrsni su u pripremi toplih jela od tartufa kao \u0161to su fusi, pljukanci, njoki i fritaje. Budu\u0107i da je svje\u017ei bijeli tartuf dostupan samo na jesen, s ovim proizvodom mo\u017eete u\u017eivati \u200b\u200bu savr\u0161enom okusu bijelog tartufa tijekom cijele godine.<\/p>\n","protected":false},"featured_media":1297,"template":"","meta":[],"product_brand":[],"product_cat":[110,66],"product_tag":[],"class_list":{"0":"post-1400","1":"product","2":"type-product","3":"status-publish","4":"has-post-thumbnail","6":"product_cat-gastro","7":"product_cat-truffles","9":"first","10":"instock","11":"shipping-taxable","12":"purchasable","13":"product-type-variable"},"jetpack_sharing_enabled":true,"_links":{"self":[{"href":"https:\/\/colmo-shop.com\/hr\/wp-json\/wp\/v2\/product\/1400","targetHints":{"allow":["GET"]}}],"collection":[{"href":"https:\/\/colmo-shop.com\/hr\/wp-json\/wp\/v2\/product"}],"about":[{"href":"https:\/\/colmo-shop.com\/hr\/wp-json\/wp\/v2\/types\/product"}],"wp:featuredmedia":[{"embeddable":true,"href":"https:\/\/colmo-shop.com\/hr\/wp-json\/wp\/v2\/media\/1297"}],"wp:attachment":[{"href":"https:\/\/colmo-shop.com\/hr\/wp-json\/wp\/v2\/media?parent=1400"}],"wp:term":[{"taxonomy":"product_brand","embeddable":true,"href":"https:\/\/colmo-shop.com\/hr\/wp-json\/wp\/v2\/product_brand?post=1400"},{"taxonomy":"product_cat","embeddable":true,"href":"https:\/\/colmo-shop.com\/hr\/wp-json\/wp\/v2\/product_cat?post=1400"},{"taxonomy":"product_tag","embeddable":true,"href":"https:\/\/colmo-shop.com\/hr\/wp-json\/wp\/v2\/product_tag?post=1400"}],"curies":[{"name":"wp","href":"https:\/\/api.w.org\/{rel}","templated":true}]}}