{"id":1388,"date":"2021-05-14T10:53:53","date_gmt":"2021-05-14T10:53:53","guid":{"rendered":"https:\/\/colmo-shop.com\/?post_type=product&#038;p=1388"},"modified":"2023-02-03T14:14:44","modified_gmt":"2023-02-03T13:14:44","slug":"chopped-black-truffles","status":"publish","type":"product","link":"https:\/\/colmo-shop.com\/hr\/product\/chopped-black-truffles\/","title":{"rendered":"Sjeckani crni tartufi"},"content":{"rendered":"","protected":false},"excerpt":{"rendered":"<p>Sjeckani crni tartuf u slanoj vodi i maslinovom ulju izvrsni su u pripremi toplih jela od tartufa kao \u0161to su fusi, pljukanci, njoki i fritaja. Tartufi se moraju dodati u jelo zajedno s teku\u0107inom u kojoj se \u010duvaju.<\/p>\n","protected":false},"featured_media":1301,"template":"","meta":[],"product_brand":[],"product_cat":[110,66],"product_tag":[],"class_list":{"0":"post-1388","1":"product","2":"type-product","3":"status-publish","4":"has-post-thumbnail","6":"product_cat-gastro","7":"product_cat-truffles","9":"first","10":"instock","11":"shipping-taxable","12":"purchasable","13":"product-type-variable"},"jetpack_sharing_enabled":true,"_links":{"self":[{"href":"https:\/\/colmo-shop.com\/hr\/wp-json\/wp\/v2\/product\/1388","targetHints":{"allow":["GET"]}}],"collection":[{"href":"https:\/\/colmo-shop.com\/hr\/wp-json\/wp\/v2\/product"}],"about":[{"href":"https:\/\/colmo-shop.com\/hr\/wp-json\/wp\/v2\/types\/product"}],"wp:featuredmedia":[{"embeddable":true,"href":"https:\/\/colmo-shop.com\/hr\/wp-json\/wp\/v2\/media\/1301"}],"wp:attachment":[{"href":"https:\/\/colmo-shop.com\/hr\/wp-json\/wp\/v2\/media?parent=1388"}],"wp:term":[{"taxonomy":"product_brand","embeddable":true,"href":"https:\/\/colmo-shop.com\/hr\/wp-json\/wp\/v2\/product_brand?post=1388"},{"taxonomy":"product_cat","embeddable":true,"href":"https:\/\/colmo-shop.com\/hr\/wp-json\/wp\/v2\/product_cat?post=1388"},{"taxonomy":"product_tag","embeddable":true,"href":"https:\/\/colmo-shop.com\/hr\/wp-json\/wp\/v2\/product_tag?post=1388"}],"curies":[{"name":"wp","href":"https:\/\/api.w.org\/{rel}","templated":true}]}}