{"id":1373,"date":"2021-05-14T10:35:52","date_gmt":"2021-05-14T10:35:52","guid":{"rendered":"https:\/\/colmo-shop.com\/?post_type=product&#038;p=1373"},"modified":"2023-02-03T14:26:32","modified_gmt":"2023-02-03T13:26:32","slug":"goat-cheese-with-truffles","status":"publish","type":"product","link":"https:\/\/colmo-shop.com\/hr\/product\/goat-cheese-with-truffles\/","title":{"rendered":"Kozji sir s tartufima"},"content":{"rendered":"","protected":false},"excerpt":{"rendered":"<p>Polutvrdi kozji sir s narezanim crnim tartufima. Jedinstvenog je i aromati\u010dnog okusa, napravljen prema posebnom receptu. Mo\u017ee se poslu\u017eiti kao hladno predjelo uz istarski pr\u0161ut, rastopiti na palenti ili koristiti za pripremu fritaje od tartufa. Sir je omiljena delicija mnogih gurmana, pa priu\u0161tite si ga ili ga poklonite najdra\u017eima.<\/p>\n<p>250g<\/p>\n","protected":false},"featured_media":1287,"template":"","meta":[],"product_brand":[],"product_cat":[152,110,66],"product_tag":[],"class_list":{"0":"post-1373","1":"product","2":"type-product","3":"status-publish","4":"has-post-thumbnail","6":"product_cat-cheese","7":"product_cat-gastro","8":"product_cat-truffles","10":"first","11":"instock","12":"shipping-taxable","13":"purchasable","14":"product-type-simple"},"jetpack_sharing_enabled":true,"_links":{"self":[{"href":"https:\/\/colmo-shop.com\/hr\/wp-json\/wp\/v2\/product\/1373","targetHints":{"allow":["GET"]}}],"collection":[{"href":"https:\/\/colmo-shop.com\/hr\/wp-json\/wp\/v2\/product"}],"about":[{"href":"https:\/\/colmo-shop.com\/hr\/wp-json\/wp\/v2\/types\/product"}],"wp:featuredmedia":[{"embeddable":true,"href":"https:\/\/colmo-shop.com\/hr\/wp-json\/wp\/v2\/media\/1287"}],"wp:attachment":[{"href":"https:\/\/colmo-shop.com\/hr\/wp-json\/wp\/v2\/media?parent=1373"}],"wp:term":[{"taxonomy":"product_brand","embeddable":true,"href":"https:\/\/colmo-shop.com\/hr\/wp-json\/wp\/v2\/product_brand?post=1373"},{"taxonomy":"product_cat","embeddable":true,"href":"https:\/\/colmo-shop.com\/hr\/wp-json\/wp\/v2\/product_cat?post=1373"},{"taxonomy":"product_tag","embeddable":true,"href":"https:\/\/colmo-shop.com\/hr\/wp-json\/wp\/v2\/product_tag?post=1373"}],"curies":[{"name":"wp","href":"https:\/\/api.w.org\/{rel}","templated":true}]}}