{"id":1371,"date":"2021-05-14T10:14:04","date_gmt":"2021-05-14T10:14:04","guid":{"rendered":"https:\/\/colmo-shop.com\/?post_type=product&#038;p=1371"},"modified":"2023-12-10T09:39:05","modified_gmt":"2023-12-10T08:39:05","slug":"truffles-with-cep-penny-bun","status":"publish","type":"product","link":"https:\/\/colmo-shop.com\/hr\/product\/truffles-with-cep-penny-bun\/","title":{"rendered":"Tartufi i vrganji"},"content":{"rendered":"","protected":false},"excerpt":{"rendered":"<p>Vrganji i bijeli tartufi savr\u0161eni su spoj prirode i izvrsna osnova za pripremu mesa ili umaka za tjesteninu. Oboga\u0107uju sva jela i savr\u0161eni su kao namaz.<\/p>\n","protected":false},"featured_media":1303,"template":"","meta":[],"product_brand":[],"product_cat":[110,66],"product_tag":[],"class_list":{"0":"post-1371","1":"product","2":"type-product","3":"status-publish","4":"has-post-thumbnail","6":"product_cat-gastro","7":"product_cat-truffles","9":"first","10":"instock","11":"shipping-taxable","12":"purchasable","13":"product-type-simple"},"jetpack_sharing_enabled":true,"_links":{"self":[{"href":"https:\/\/colmo-shop.com\/hr\/wp-json\/wp\/v2\/product\/1371","targetHints":{"allow":["GET"]}}],"collection":[{"href":"https:\/\/colmo-shop.com\/hr\/wp-json\/wp\/v2\/product"}],"about":[{"href":"https:\/\/colmo-shop.com\/hr\/wp-json\/wp\/v2\/types\/product"}],"wp:featuredmedia":[{"embeddable":true,"href":"https:\/\/colmo-shop.com\/hr\/wp-json\/wp\/v2\/media\/1303"}],"wp:attachment":[{"href":"https:\/\/colmo-shop.com\/hr\/wp-json\/wp\/v2\/media?parent=1371"}],"wp:term":[{"taxonomy":"product_brand","embeddable":true,"href":"https:\/\/colmo-shop.com\/hr\/wp-json\/wp\/v2\/product_brand?post=1371"},{"taxonomy":"product_cat","embeddable":true,"href":"https:\/\/colmo-shop.com\/hr\/wp-json\/wp\/v2\/product_cat?post=1371"},{"taxonomy":"product_tag","embeddable":true,"href":"https:\/\/colmo-shop.com\/hr\/wp-json\/wp\/v2\/product_tag?post=1371"}],"curies":[{"name":"wp","href":"https:\/\/api.w.org\/{rel}","templated":true}]}}