{"id":1358,"date":"2021-05-14T09:56:15","date_gmt":"2021-05-14T07:56:15","guid":{"rendered":"https:\/\/colmo-shop.com\/?post_type=product&#038;p=1358"},"modified":"2023-09-08T08:23:30","modified_gmt":"2023-09-08T06:23:30","slug":"truffles-and-olives","status":"publish","type":"product","link":"https:\/\/colmo-shop.com\/hr\/product\/truffles-and-olives\/","title":{"rendered":"Tartufi i masline"},"content":{"rendered":"","protected":false},"excerpt":{"rendered":"<p>Mediteranska mje\u0161avina crnih maslina s crnim tartufima specifi\u010dna je mje\u0161avina okusa koja \u0107e impresionirati svakog gurmana. Tartufi i masline hrana su koja \u0107e vam probuditi osjetila. Oboga\u0107uju sva jela i uglavnom se koriste kao namaz ili u pripremi kola\u010da, palente i tjestenine.<\/p>\n<p>90gr<\/p>\n","protected":false},"featured_media":1302,"template":"","meta":[],"product_brand":[],"product_cat":[110,66],"product_tag":[],"class_list":{"0":"post-1358","1":"product","2":"type-product","3":"status-publish","4":"has-post-thumbnail","6":"product_cat-gastro","7":"product_cat-truffles","9":"first","10":"instock","11":"shipping-taxable","12":"purchasable","13":"product-type-simple"},"jetpack_sharing_enabled":true,"_links":{"self":[{"href":"https:\/\/colmo-shop.com\/hr\/wp-json\/wp\/v2\/product\/1358","targetHints":{"allow":["GET"]}}],"collection":[{"href":"https:\/\/colmo-shop.com\/hr\/wp-json\/wp\/v2\/product"}],"about":[{"href":"https:\/\/colmo-shop.com\/hr\/wp-json\/wp\/v2\/types\/product"}],"wp:featuredmedia":[{"embeddable":true,"href":"https:\/\/colmo-shop.com\/hr\/wp-json\/wp\/v2\/media\/1302"}],"wp:attachment":[{"href":"https:\/\/colmo-shop.com\/hr\/wp-json\/wp\/v2\/media?parent=1358"}],"wp:term":[{"taxonomy":"product_brand","embeddable":true,"href":"https:\/\/colmo-shop.com\/hr\/wp-json\/wp\/v2\/product_brand?post=1358"},{"taxonomy":"product_cat","embeddable":true,"href":"https:\/\/colmo-shop.com\/hr\/wp-json\/wp\/v2\/product_cat?post=1358"},{"taxonomy":"product_tag","embeddable":true,"href":"https:\/\/colmo-shop.com\/hr\/wp-json\/wp\/v2\/product_tag?post=1358"}],"curies":[{"name":"wp","href":"https:\/\/api.w.org\/{rel}","templated":true}]}}