{"id":1104,"date":"2021-03-08T10:37:10","date_gmt":"2021-03-08T10:37:10","guid":{"rendered":"https:\/\/colmo-shop.com\/?post_type=product&#038;p=1104"},"modified":"2023-02-03T14:47:24","modified_gmt":"2023-02-03T13:47:24","slug":"5-sauces-with-wood-stand","status":"publish","type":"product","link":"https:\/\/colmo-shop.com\/hr\/product\/5-sauces-with-wood-stand\/","title":{"rendered":"5 UMAKA NA DRVENOM STALKU"},"content":{"rendered":"","protected":false},"excerpt":{"rendered":"<div class=\"styled-subtitle\">5 Forto umaka: Jugo, Kogo, Treska, Strela i Cimitar na drvenom postolju.<\/div>\n<p><strong>SAVR\u0160ENO RJE\u0160ENJE ZA POKLON!<\/strong><\/p>\n<p>O umacima:<\/p>\n<p><strong>Jugo<\/strong> &#8211; Bla\u017ei umak sastavljen od doma\u0107eg meda daje fenomenalnu aromu morskim plodovima i ribi. Slatki okus na po\u010detku pa gor\u010dina koja vas iznenadi.<\/p>\n<p><strong>Kogo<\/strong> &#8211; Jo\u0161 jedan bla\u017ei umak koji \u0107e vas o\u010darati svojim okusima i aromama jer je napravljen od doma\u0107e mrkve i luka. Izvrsna kombinacija za juhe i variva, posebno zimi.<\/p>\n<p><strong>Treska<\/strong> &#8211; Na\u0161 prvi umak, fermentacija koja traje nekoliko mjeseci daje mu posebnu aromu, ni previ\u0161e za\u010dinjenu ni preslabu. Zlatna sredina definira ovaj umak, mo\u017ee se koristiti u salatama, mesu, pizzama, tjestenini.<\/p>\n<p><strong>Strela<\/strong> &#8211; Ne\u0161to ja\u010di umak koji je ljutkastiji i koji mu daje fenomenalnu kombinaciju s mesom. Izvrsno za katranski katran, pizzu i odrezak.<\/p>\n<p><strong>Cimitar<\/strong> &#8211; Na\u0161 trenutno najja\u010di umak. O tome se ne govori puno, osim da se pravi od najlju\u0107e paprike na svijetu. Mo\u017ee se koristiti svugdje.<\/p>\n","protected":false},"featured_media":1105,"template":"","meta":[],"product_brand":[],"product_cat":[110,74],"product_tag":[],"class_list":{"0":"post-1104","1":"product","2":"type-product","3":"status-publish","4":"has-post-thumbnail","6":"product_cat-gastro","7":"product_cat-sauces","9":"first","10":"instock","11":"shipping-taxable","12":"purchasable","13":"product-type-simple"},"jetpack_sharing_enabled":true,"_links":{"self":[{"href":"https:\/\/colmo-shop.com\/hr\/wp-json\/wp\/v2\/product\/1104","targetHints":{"allow":["GET"]}}],"collection":[{"href":"https:\/\/colmo-shop.com\/hr\/wp-json\/wp\/v2\/product"}],"about":[{"href":"https:\/\/colmo-shop.com\/hr\/wp-json\/wp\/v2\/types\/product"}],"wp:featuredmedia":[{"embeddable":true,"href":"https:\/\/colmo-shop.com\/hr\/wp-json\/wp\/v2\/media\/1105"}],"wp:attachment":[{"href":"https:\/\/colmo-shop.com\/hr\/wp-json\/wp\/v2\/media?parent=1104"}],"wp:term":[{"taxonomy":"product_brand","embeddable":true,"href":"https:\/\/colmo-shop.com\/hr\/wp-json\/wp\/v2\/product_brand?post=1104"},{"taxonomy":"product_cat","embeddable":true,"href":"https:\/\/colmo-shop.com\/hr\/wp-json\/wp\/v2\/product_cat?post=1104"},{"taxonomy":"product_tag","embeddable":true,"href":"https:\/\/colmo-shop.com\/hr\/wp-json\/wp\/v2\/product_tag?post=1104"}],"curies":[{"name":"wp","href":"https:\/\/api.w.org\/{rel}","templated":true}]}}