{"id":1102,"date":"2021-03-08T10:35:14","date_gmt":"2021-03-08T10:35:14","guid":{"rendered":"https:\/\/colmo-shop.com\/?post_type=product&#038;p=1102"},"modified":"2023-02-03T14:50:50","modified_gmt":"2023-02-03T13:50:50","slug":"treska","status":"publish","type":"product","link":"https:\/\/colmo-shop.com\/hr\/product\/treska\/","title":{"rendered":"TRESKA"},"content":{"rendered":"","protected":false},"excerpt":{"rendered":"<p>Prvi umak, fermentacija koja traje nekoliko mjeseci, daje mu posebnu aromu, ni previ\u0161e za\u010dinjenu ni preslabu. Zlatna sredina definira ovaj umak, mo\u017ee se koristiti u salatama, mesu, pizzama, tjestenini.<\/p>\n<p>&nbsp;<\/p>\n<p><strong>JA\u010cINA:<\/strong><br \/>\n3\/5<br \/>\n<strong>VRSTA UMAKA:<\/strong><br \/>\nFermentirani doma\u0107i ljuti umak<br \/>\n<strong>VOLUMEN:<\/strong><br \/>\n20 ml<br \/>\n<strong>SASTOJCI :<\/strong><br \/>\nLjuta paprika, Vinski ocat, \u010ce\u0161njak, Za\u010dini<\/p>\n","protected":false},"featured_media":1103,"template":"","meta":[],"product_brand":[],"product_cat":[110,74],"product_tag":[],"class_list":{"0":"post-1102","1":"product","2":"type-product","3":"status-publish","4":"has-post-thumbnail","6":"product_cat-gastro","7":"product_cat-sauces","9":"first","10":"instock","11":"shipping-taxable","12":"purchasable","13":"product-type-simple"},"jetpack_sharing_enabled":true,"_links":{"self":[{"href":"https:\/\/colmo-shop.com\/hr\/wp-json\/wp\/v2\/product\/1102","targetHints":{"allow":["GET"]}}],"collection":[{"href":"https:\/\/colmo-shop.com\/hr\/wp-json\/wp\/v2\/product"}],"about":[{"href":"https:\/\/colmo-shop.com\/hr\/wp-json\/wp\/v2\/types\/product"}],"wp:featuredmedia":[{"embeddable":true,"href":"https:\/\/colmo-shop.com\/hr\/wp-json\/wp\/v2\/media\/1103"}],"wp:attachment":[{"href":"https:\/\/colmo-shop.com\/hr\/wp-json\/wp\/v2\/media?parent=1102"}],"wp:term":[{"taxonomy":"product_brand","embeddable":true,"href":"https:\/\/colmo-shop.com\/hr\/wp-json\/wp\/v2\/product_brand?post=1102"},{"taxonomy":"product_cat","embeddable":true,"href":"https:\/\/colmo-shop.com\/hr\/wp-json\/wp\/v2\/product_cat?post=1102"},{"taxonomy":"product_tag","embeddable":true,"href":"https:\/\/colmo-shop.com\/hr\/wp-json\/wp\/v2\/product_tag?post=1102"}],"curies":[{"name":"wp","href":"https:\/\/api.w.org\/{rel}","templated":true}]}}