{"id":1100,"date":"2021-03-08T10:34:18","date_gmt":"2021-03-08T10:34:18","guid":{"rendered":"https:\/\/colmo-shop.com\/?post_type=product&#038;p=1100"},"modified":"2023-02-03T14:51:18","modified_gmt":"2023-02-03T13:51:18","slug":"strela","status":"publish","type":"product","link":"https:\/\/colmo-shop.com\/hr\/product\/strela\/","title":{"rendered":"STRELA"},"content":{"rendered":"","protected":false},"excerpt":{"rendered":"<div class=\"styled-subtitle\">Malo ja\u010di umak koji je ljutkastiji i koji mu daje fenomenalnu kombinaciju s mesom. Izvrsno za tartarski umak, pizzu i odrezak.<\/div>\n<p>&nbsp;<\/p>\n<p><strong>JA\u010cINA :<\/strong><br \/>\n4\/5<br \/>\n<strong>VRSTA UMAKA:<\/strong><br \/>\nDoma\u0107i ljuti umak<br \/>\n<strong>VOLUMEN:<\/strong><br \/>\n20 ml<br \/>\n<strong>SASTOJCI :<\/strong><br \/>\nLjuta paprika, Vinski ocat, \u010ce\u0161njak, Za\u010dini<\/p>\n","protected":false},"featured_media":1101,"template":"","meta":[],"product_brand":[],"product_cat":[110,74],"product_tag":[],"class_list":{"0":"post-1100","1":"product","2":"type-product","3":"status-publish","4":"has-post-thumbnail","6":"product_cat-gastro","7":"product_cat-sauces","9":"first","10":"instock","11":"shipping-taxable","12":"purchasable","13":"product-type-simple"},"jetpack_sharing_enabled":true,"_links":{"self":[{"href":"https:\/\/colmo-shop.com\/hr\/wp-json\/wp\/v2\/product\/1100","targetHints":{"allow":["GET"]}}],"collection":[{"href":"https:\/\/colmo-shop.com\/hr\/wp-json\/wp\/v2\/product"}],"about":[{"href":"https:\/\/colmo-shop.com\/hr\/wp-json\/wp\/v2\/types\/product"}],"wp:featuredmedia":[{"embeddable":true,"href":"https:\/\/colmo-shop.com\/hr\/wp-json\/wp\/v2\/media\/1101"}],"wp:attachment":[{"href":"https:\/\/colmo-shop.com\/hr\/wp-json\/wp\/v2\/media?parent=1100"}],"wp:term":[{"taxonomy":"product_brand","embeddable":true,"href":"https:\/\/colmo-shop.com\/hr\/wp-json\/wp\/v2\/product_brand?post=1100"},{"taxonomy":"product_cat","embeddable":true,"href":"https:\/\/colmo-shop.com\/hr\/wp-json\/wp\/v2\/product_cat?post=1100"},{"taxonomy":"product_tag","embeddable":true,"href":"https:\/\/colmo-shop.com\/hr\/wp-json\/wp\/v2\/product_tag?post=1100"}],"curies":[{"name":"wp","href":"https:\/\/api.w.org\/{rel}","templated":true}]}}