{"id":1098,"date":"2021-03-08T10:33:22","date_gmt":"2021-03-08T10:33:22","guid":{"rendered":"https:\/\/colmo-shop.com\/?post_type=product&#038;p=1098"},"modified":"2023-02-03T14:52:00","modified_gmt":"2023-02-03T13:52:00","slug":"kogo","status":"publish","type":"product","link":"https:\/\/colmo-shop.com\/hr\/product\/kogo\/","title":{"rendered":"KOGO"},"content":{"rendered":"","protected":false},"excerpt":{"rendered":"<div class=\"styled-subtitle\">Jo\u0161 jedan bla\u017ei umak koji \u0107e vas o\u010darati svojim okusima i aromama jer je napravljen od doma\u0107e mrkve i luka. Izvrsna kombinacija za juhe i variva, posebno zimi.<\/div>\n<p>&nbsp;<\/p>\n<p><strong>JA\u010cINA:<\/strong><br \/>\n2\/5<br \/>\n<strong>VRSTA UMAKA:<\/strong><br \/>\nDoma\u0107i ljuti umak s mrkvom i lukom<br \/>\n<strong>VOLUMEN:<\/strong><br \/>\n20 ml<br \/>\n<strong>SASTOJCI :<\/strong><br \/>\nLjuta paprika, vinski ocat, \u010de\u0161njak, mrkva, luk, za\u010dini<\/p>\n","protected":false},"featured_media":1099,"template":"","meta":[],"product_brand":[],"product_cat":[110,74],"product_tag":[],"class_list":{"0":"post-1098","1":"product","2":"type-product","3":"status-publish","4":"has-post-thumbnail","6":"product_cat-gastro","7":"product_cat-sauces","9":"first","10":"instock","11":"shipping-taxable","12":"purchasable","13":"product-type-simple"},"jetpack_sharing_enabled":true,"_links":{"self":[{"href":"https:\/\/colmo-shop.com\/hr\/wp-json\/wp\/v2\/product\/1098","targetHints":{"allow":["GET"]}}],"collection":[{"href":"https:\/\/colmo-shop.com\/hr\/wp-json\/wp\/v2\/product"}],"about":[{"href":"https:\/\/colmo-shop.com\/hr\/wp-json\/wp\/v2\/types\/product"}],"wp:featuredmedia":[{"embeddable":true,"href":"https:\/\/colmo-shop.com\/hr\/wp-json\/wp\/v2\/media\/1099"}],"wp:attachment":[{"href":"https:\/\/colmo-shop.com\/hr\/wp-json\/wp\/v2\/media?parent=1098"}],"wp:term":[{"taxonomy":"product_brand","embeddable":true,"href":"https:\/\/colmo-shop.com\/hr\/wp-json\/wp\/v2\/product_brand?post=1098"},{"taxonomy":"product_cat","embeddable":true,"href":"https:\/\/colmo-shop.com\/hr\/wp-json\/wp\/v2\/product_cat?post=1098"},{"taxonomy":"product_tag","embeddable":true,"href":"https:\/\/colmo-shop.com\/hr\/wp-json\/wp\/v2\/product_tag?post=1098"}],"curies":[{"name":"wp","href":"https:\/\/api.w.org\/{rel}","templated":true}]}}