{"id":1096,"date":"2021-03-08T10:32:23","date_gmt":"2021-03-08T10:32:23","guid":{"rendered":"https:\/\/colmo-shop.com\/?post_type=product&#038;p=1096"},"modified":"2023-02-03T14:52:30","modified_gmt":"2023-02-03T13:52:30","slug":"jugo","status":"publish","type":"product","link":"https:\/\/colmo-shop.com\/hr\/product\/jugo\/","title":{"rendered":"JUGO"},"content":{"rendered":"","protected":false},"excerpt":{"rendered":"<div class=\"styled-subtitle\">bla\u017ei umak od doma\u0107eg meda daje fenomenalnu aromu morskim plodovima i ribi. Slatki okus na po\u010detku pa gor\u010dina koja vas iznenadi.<\/div>\n<p>&nbsp;<\/p>\n<p><strong>JA\u010cINA:<\/strong><br \/>\n1\/5<br \/>\n<strong>VRSTA UMAKA:<\/strong><br \/>\nDoma\u0107i ljuti umak s medom<br \/>\n<strong>VOLUMEN:<\/strong><br \/>\n20 ml<br \/>\n<strong>SASTOJCI :<\/strong><br \/>\nLjuta paprika, ri\u017ein ocat, \u010de\u0161njak, med, za\u010din<\/p>\n","protected":false},"featured_media":1097,"template":"","meta":[],"product_brand":[],"product_cat":[110,74],"product_tag":[],"class_list":{"0":"post-1096","1":"product","2":"type-product","3":"status-publish","4":"has-post-thumbnail","6":"product_cat-gastro","7":"product_cat-sauces","9":"first","10":"instock","11":"shipping-taxable","12":"purchasable","13":"product-type-simple"},"jetpack_sharing_enabled":true,"_links":{"self":[{"href":"https:\/\/colmo-shop.com\/hr\/wp-json\/wp\/v2\/product\/1096","targetHints":{"allow":["GET"]}}],"collection":[{"href":"https:\/\/colmo-shop.com\/hr\/wp-json\/wp\/v2\/product"}],"about":[{"href":"https:\/\/colmo-shop.com\/hr\/wp-json\/wp\/v2\/types\/product"}],"wp:featuredmedia":[{"embeddable":true,"href":"https:\/\/colmo-shop.com\/hr\/wp-json\/wp\/v2\/media\/1097"}],"wp:attachment":[{"href":"https:\/\/colmo-shop.com\/hr\/wp-json\/wp\/v2\/media?parent=1096"}],"wp:term":[{"taxonomy":"product_brand","embeddable":true,"href":"https:\/\/colmo-shop.com\/hr\/wp-json\/wp\/v2\/product_brand?post=1096"},{"taxonomy":"product_cat","embeddable":true,"href":"https:\/\/colmo-shop.com\/hr\/wp-json\/wp\/v2\/product_cat?post=1096"},{"taxonomy":"product_tag","embeddable":true,"href":"https:\/\/colmo-shop.com\/hr\/wp-json\/wp\/v2\/product_tag?post=1096"}],"curies":[{"name":"wp","href":"https:\/\/api.w.org\/{rel}","templated":true}]}}