{"id":1089,"date":"2021-03-08T10:20:36","date_gmt":"2021-03-08T10:20:36","guid":{"rendered":"https:\/\/colmo-shop.com\/?post_type=product&#038;p=1089"},"modified":"2023-02-03T14:54:07","modified_gmt":"2023-02-03T13:54:07","slug":"pork","status":"publish","type":"product","link":"https:\/\/colmo-shop.com\/hr\/product\/pork\/","title":{"rendered":"SVINJETINA"},"content":{"rendered":"","protected":false},"excerpt":{"rendered":"<div class=\"styled-subtitle\">Salama na bazi svinjskog mesa s istarskom govedinom<\/div>\n<p>Salama od svinjskog mesa s dodatkom istarske govedine koja nagla\u0161ava delikatnost ove vrste salame. Slatko\u0107a svinjetine rezultat je specifi\u010dnog uzgojnog programa.<br \/>\nPosti\u017ee se izvrsna ravnote\u017ea okusa. Komad salame te\u017eak je oko 300 g.<\/p>\n","protected":false},"featured_media":1090,"template":"","meta":[],"product_brand":[],"product_cat":[110,76],"product_tag":[],"class_list":{"0":"post-1089","1":"product","2":"type-product","3":"status-publish","4":"has-post-thumbnail","6":"product_cat-gastro","7":"product_cat-salami","9":"first","10":"instock","11":"shipping-taxable","12":"purchasable","13":"product-type-simple"},"jetpack_sharing_enabled":true,"_links":{"self":[{"href":"https:\/\/colmo-shop.com\/hr\/wp-json\/wp\/v2\/product\/1089","targetHints":{"allow":["GET"]}}],"collection":[{"href":"https:\/\/colmo-shop.com\/hr\/wp-json\/wp\/v2\/product"}],"about":[{"href":"https:\/\/colmo-shop.com\/hr\/wp-json\/wp\/v2\/types\/product"}],"wp:featuredmedia":[{"embeddable":true,"href":"https:\/\/colmo-shop.com\/hr\/wp-json\/wp\/v2\/media\/1090"}],"wp:attachment":[{"href":"https:\/\/colmo-shop.com\/hr\/wp-json\/wp\/v2\/media?parent=1089"}],"wp:term":[{"taxonomy":"product_brand","embeddable":true,"href":"https:\/\/colmo-shop.com\/hr\/wp-json\/wp\/v2\/product_brand?post=1089"},{"taxonomy":"product_cat","embeddable":true,"href":"https:\/\/colmo-shop.com\/hr\/wp-json\/wp\/v2\/product_cat?post=1089"},{"taxonomy":"product_tag","embeddable":true,"href":"https:\/\/colmo-shop.com\/hr\/wp-json\/wp\/v2\/product_tag?post=1089"}],"curies":[{"name":"wp","href":"https:\/\/api.w.org\/{rel}","templated":true}]}}