{"id":1084,"date":"2021-03-08T10:17:22","date_gmt":"2021-03-08T10:17:22","guid":{"rendered":"https:\/\/colmo-shop.com\/?post_type=product&#038;p=1084"},"modified":"2023-02-03T14:55:51","modified_gmt":"2023-02-03T13:55:51","slug":"istrian-boskarin-ox-truffles","status":"publish","type":"product","link":"https:\/\/colmo-shop.com\/hr\/product\/istrian-boskarin-ox-truffles\/","title":{"rendered":"ISTARSKI BO\u0160KARIN VOL &#8211; TARTUFI"},"content":{"rendered":"","protected":false},"excerpt":{"rendered":"<div class=\"styled-subtitle\">Salama od istarske govedine i tartufa<\/div>\n<p>Salama napravljena od najmanje 50% istarske govedine, tartufa i sorte crvenog istarskog terana. Koristimo svje\u017ee tartufe ubrane u obli\u017enjoj \u0161umi. Ima vrlo aromati\u010dan miris. Komad salame te\u017eak je oko 200 g.<\/p>\n","protected":false},"featured_media":1085,"template":"","meta":[],"product_brand":[],"product_cat":[110,76],"product_tag":[],"class_list":{"0":"post-1084","1":"product","2":"type-product","3":"status-publish","4":"has-post-thumbnail","6":"product_cat-gastro","7":"product_cat-salami","9":"first","10":"instock","11":"shipping-taxable","12":"purchasable","13":"product-type-simple"},"jetpack_sharing_enabled":true,"_links":{"self":[{"href":"https:\/\/colmo-shop.com\/hr\/wp-json\/wp\/v2\/product\/1084","targetHints":{"allow":["GET"]}}],"collection":[{"href":"https:\/\/colmo-shop.com\/hr\/wp-json\/wp\/v2\/product"}],"about":[{"href":"https:\/\/colmo-shop.com\/hr\/wp-json\/wp\/v2\/types\/product"}],"wp:featuredmedia":[{"embeddable":true,"href":"https:\/\/colmo-shop.com\/hr\/wp-json\/wp\/v2\/media\/1085"}],"wp:attachment":[{"href":"https:\/\/colmo-shop.com\/hr\/wp-json\/wp\/v2\/media?parent=1084"}],"wp:term":[{"taxonomy":"product_brand","embeddable":true,"href":"https:\/\/colmo-shop.com\/hr\/wp-json\/wp\/v2\/product_brand?post=1084"},{"taxonomy":"product_cat","embeddable":true,"href":"https:\/\/colmo-shop.com\/hr\/wp-json\/wp\/v2\/product_cat?post=1084"},{"taxonomy":"product_tag","embeddable":true,"href":"https:\/\/colmo-shop.com\/hr\/wp-json\/wp\/v2\/product_tag?post=1084"}],"curies":[{"name":"wp","href":"https:\/\/api.w.org\/{rel}","templated":true}]}}