{"id":993,"date":"2019-01-10T13:37:47","date_gmt":"2019-01-10T13:37:47","guid":{"rendered":"http:\/\/democontent.codex-themes.com\/sites\/shop-online\/?page_id=15"},"modified":"2021-07-07T18:41:49","modified_gmt":"2021-07-07T16:41:49","slug":"terms-of-sale","status":"publish","type":"page","link":"https:\/\/colmo-shop.com\/hr\/terms-of-sale\/","title":{"rendered":"Uvjeti prodaje"},"content":{"rendered":"<div class=\"wpb-content-wrapper\"><p>[vc_row css=&#8221;.vc_custom_1547192766359{margin-bottom: 0px !important;}&#8221;][vc_column][vc_column_text]<\/p>\n<div class=\"title-h4\"><span class=\"light\">uvjeti prodaje<\/span><\/div>\n<p>[\/vc_column_text][vc_column_text]Ovi Uvjeti prodaje definiraju postupak naru\u010divanja, pla\u0107anja, isporuke i podno\u0161enja \u017ealbi na proizvode ponu\u0111ene na na\u0161oj web stranici. Dobavlja\u010d (prodavatelj) proizvoda ponu\u0111enih u Colmo Shopu (u daljnjem tekstu &#8220;Proizvodi&#8221;) je Obrt Colmo, a kupac je svaki posjetitelj web kataloga koji odabere barem jedan proizvod, popuni obrazac za online narud\u017ebu i po\u0161alje ga prodava\u010du.[\/vc_column_text]<div class=\"clearboth\"><\/div><style>#thegem-divider-69feb4c295285 {margin-top: 60px !important;}<\/style><div id=\"thegem-divider-69feb4c295285\" class=\"gem-divider  \" style=\"\" ><\/div>[vc_column_text]<\/p>\n<div class=\"title-h4\"><span class=\"light\">naru\u010divanje<\/span><\/div>\n<p>[\/vc_column_text][vc_column_text]Proizvodi se naru\u010duju putem mre\u017enog postupka naru\u010divanja ili putem e-po\u0161te. Kupac treba ispuniti Profil s op\u0107im informacijama potrebnim za pla\u0107anje i isporuku odabranih Proizvoda i bit \u0107e obavije\u0161ten e-po\u0161tom nakon \u0161to njegova narud\u017eba bude ispunjena. Nakon \u0161to odaberete proizvod, mo\u017eete kliknuti njegove detalje i saznati sve o njemu ili ga bolje pogledati i, ako ga \u017eelite kupiti, samo kliknite ko\u0161aricu i on \u0107e joj odmah biti dodan. Unutar va\u0161e ko\u0161arice mo\u017eete odabrati koli\u010dine ili ne \u017eelite obaviti kupnju. Va\u0161a ko\u0161arica bit \u0107e vam stalno vidljiva i dostupna, tako da mo\u017eete uzeti vremena za pregledavanje. Kada zavr\u0161ite s kupnjom, vratite se u ko\u0161aricu i odaberite Kompletna narud\u017eba. Nakon popunjavanja svih potrebnih podataka na svoju e-adresu dobit \u0107ete obavijest o uspje\u0161no obavljenoj kupovini.[\/vc_column_text]<div class=\"clearboth\"><\/div><style>#thegem-divider-69feb4c2952c0 {margin-top: 60px !important;}<\/style><div id=\"thegem-divider-69feb4c2952c0\" class=\"gem-divider  \" style=\"\" ><\/div>[vc_column_text]<\/p>\n<div class=\"title-h4\"><span class=\"light\">pla\u0107anje<\/span><\/div>\n<p>[\/vc_column_text][vc_column_text]Dostupne su sljede\u0107e mogu\u0107nosti pla\u0107anja:[\/vc_column_text][vc_column_text]<\/p>\n<ol>\n<li><strong>Bankovni prijenos<\/strong> Kad odaberete ovaj na\u010din pla\u0107anja, primit \u0107ete potvrdu narud\u017ebe sa svim podacima potrebnim za pla\u0107anje. Tada mo\u017eete izvr\u0161iti pla\u0107anja putem internetskog bankarstva ili na na\u010din na koji ina\u010de pla\u0107ate ra\u010dune &#8211; putem banke, e-po\u0161te, nov\u010dane kazne ili sli\u010dno. Po primitku uplate poslat \u0107emo va\u0161e naru\u010dene artikle. Napomena: Da biste ubrzali ovaj postupak, mo\u017eete nam poslati kopiju ili uplatu.<\/li>\n<li><strong>Pla\u0107anje pouze\u0107em<\/strong> Pla\u0107anje se vr\u0161i prilikom preuzimanja robe i pla\u0107a dostavlja\u010du.<\/li>\n<\/ol>\n<p>[\/vc_column_text]<div class=\"clearboth\"><\/div><style>#thegem-divider-69feb4c2952e7 {margin-top: 60px !important;}<\/style><div id=\"thegem-divider-69feb4c2952e7\" class=\"gem-divider  \" style=\"\" ><\/div>[vc_column_text]<\/p>\n<div class=\"title-h4\"><span class=\"light\">Posebnom regulativom Europske unije, od 15. velja\u010de 2016. u cijeloj EU, sporovi o internetskoj kupnji bit \u0107e mogu\u0107i putem ODR platforme kojoj mo\u017eete pristupiti <a href=\"https:\/\/ec.europa.eu\/consumers\/odr\/main\/index.cfm?event=main.home.chooseLanguage\" target=\"_blank\" rel=\"noopener nofollow\"><span style=\"text-decoration: underline;\">ovdje<\/span><\/a>.<\/span><\/div>\n<p>To zna\u010di da ako nai\u0111ete na problem tijekom internetske kupnje unutar EU (neispravan proizvod, nemogu\u0107nost zamjene proizvoda, itd.), Svoj prigovor mo\u017eete podnijeti na br\u017ei i jednostavniji na\u010din na gornjoj poveznici. Platformu mogu koristiti potro\u0161a\u010di i trgovci, a \u017ealba se mo\u017ee podnijeti na bilo koji od 23 slu\u017ebena jezika EU.[\/vc_column_text]<div class=\"clearboth\"><\/div><style>#thegem-divider-69feb4c29531a {margin-top: 60px !important;}<\/style><div id=\"thegem-divider-69feb4c29531a\" class=\"gem-divider  \" style=\"\" ><\/div>[\/vc_column][\/vc_row]<\/p>\n<\/div>","protected":false},"excerpt":{"rendered":"<p>[vc_row css=&#8221;.vc_custom_1547192766359{margin-bottom: 0px !important;}&#8221;][vc_column][vc_column_text] uvjeti prodaje [\/vc_column_text][vc_column_text]Ovi Uvjeti prodaje definiraju postupak naru\u010divanja, pla\u0107anja, isporuke i podno\u0161enja \u017ealbi na proizvode ponu\u0111ene&#8230;<\/p>\n","protected":false},"author":1,"featured_media":0,"parent":0,"menu_order":0,"comment_status":"closed","ping_status":"closed","template":"","meta":{"footnotes":""},"class_list":["post-993","page","type-page","status-publish"],"jetpack_sharing_enabled":true,"_links":{"self":[{"href":"https:\/\/colmo-shop.com\/hr\/wp-json\/wp\/v2\/pages\/993","targetHints":{"allow":["GET"]}}],"collection":[{"href":"https:\/\/colmo-shop.com\/hr\/wp-json\/wp\/v2\/pages"}],"about":[{"href":"https:\/\/colmo-shop.com\/hr\/wp-json\/wp\/v2\/types\/page"}],"author":[{"embeddable":true,"href":"https:\/\/colmo-shop.com\/hr\/wp-json\/wp\/v2\/users\/1"}],"replies":[{"embeddable":true,"href":"https:\/\/colmo-shop.com\/hr\/wp-json\/wp\/v2\/comments?post=993"}],"version-history":[{"count":6,"href":"https:\/\/colmo-shop.com\/hr\/wp-json\/wp\/v2\/pages\/993\/revisions"}],"predecessor-version":[{"id":1569,"href":"https:\/\/colmo-shop.com\/hr\/wp-json\/wp\/v2\/pages\/993\/revisions\/1569"}],"wp:attachment":[{"href":"https:\/\/colmo-shop.com\/hr\/wp-json\/wp\/v2\/media?parent=993"}],"curies":[{"name":"wp","href":"https:\/\/api.w.org\/{rel}","templated":true}]}}