{"id":992,"date":"2019-01-10T08:28:51","date_gmt":"2019-01-10T08:28:51","guid":{"rendered":"http:\/\/democontent.codex-themes.com\/sites\/shop-online\/?page_id=3"},"modified":"2021-07-07T18:40:43","modified_gmt":"2021-07-07T16:40:43","slug":"privacy-policy","status":"publish","type":"page","link":"https:\/\/colmo-shop.com\/hr\/privacy-policy\/","title":{"rendered":"Pravila o privatnosti"},"content":{"rendered":"<p><\/p>\n<h2>POLITIKA PRIVATNOSTI<\/h2>\n<p>Drago nam je \u0161to ste pokazali interes za na\u0161e poduze\u0107e. Za\u0161tita podataka posebno je va\u017ean prioritet za upravljanje COLMO-om. Kori\u0161tenje internetskih stranica COLMO-a mogu\u0107e je bez naznaka osobnih podataka; me\u0111utim, ako subjekt podataka \u017eeli koristiti posebne poslovne usluge putem na\u0161eg web mjesta, obrada osobnih podataka mogla bi postati potrebna. Ako je obrada osobnih podataka neophodna i ne postoji zakonska osnova za takvu obradu, obi\u010dno dobivamo suglasnost od nositelja podataka. Obrada osobnih podataka, kao \u0161to su ime, adresa, adresa e-po\u0161te ili telefonski broj nositelja podataka, uvijek mora biti u skladu s Op\u0107om uredbom o za\u0161titi podataka (GDPR) i u skladu sa za\u0161titom podataka o dr\u017eavi. propisi koji se primjenjuju na COLMO. Ovom izjavom o za\u0161titi podataka na\u0161e poduze\u0107e \u017eeli obavijestiti \u0161iru javnost o prirodi, opsegu i namjeni osobnih podataka koje prikupljamo, koristimo i obra\u0111ujemo. Nadalje, subjekti podataka su putem ove izjave o za\u0161titi podataka obavije\u0161teni o pravima na koja imaju pravo. Kao kontrolor, COLMO je proveo brojne tehni\u010dke i organizacijske mjere kako bi osigurao najcjelovitiju za\u0161titu osobnih podataka obra\u0111enih putem ove web stranice. Me\u0111utim, internetski prijenos podataka u na\u010delu mo\u017ee imati sigurnosne praznine, pa apsolutna za\u0161tita mo\u017eda nije zajam\u010dena. Iz tog razloga svaki je subjekt podataka slobodan prenijeti nam osobne podatke na alternativne na\u010dine, npr. telefonom.<\/p>\n<h2>1. DEFINICIJE<\/h2>\n<p>Izjava o za\u0161titi podataka COLMO-a temelji se na terminima koje je europski zakonodavac koristio za usvajanje Op\u0107e uredbe o za\u0161titi podataka (GDPR). Na\u0161a izjava o za\u0161titi podataka trebala bi biti \u010ditljiva i razumljiva \u0161iroj javnosti, kao i na\u0161im kupcima i poslovnim partnerima. Da bismo to osigurali, prvo bismo \u017eeljeli objasniti kori\u0161tenu terminologiju. U ovoj izjavi o za\u0161titi podataka koristimo, izme\u0111u ostalog, sljede\u0107e pojmove:<\/p>\n<div class=\"title-h4\">A) OSOBNI PODACI<\/div>\n<p>Pod osobnim podacima podrazumijevaju se svi podaci koji se odnose na identificiranu ili utvrdivu fizi\u010dku osobu (\u201esubjekt podataka\u201c). Fizi\u010dka osoba koju je mogu\u0107e identificirati je ona koja se mo\u017ee izravno ili neizravno identificirati, posebno pozivanjem na identifikator kao \u0161to su ime, identifikacijski broj, podaci o lokaciji, mre\u017eni identifikator ili na jedan ili vi\u0161e \u010dimbenika specifi\u010dnih za fizi\u010dki, fiziolo\u0161ki, genetski, mentalni, ekonomski, kulturni ili socijalni identitet te fizi\u010dke osobe.<\/p>\n<h4>B) PREDMET PODATAKA<\/h4>\n<p>Subjekt podataka je bilo koja identificirana ili utvrdiva fizi\u010dka osoba \u010dije osobne podatke obra\u0111uje voditelj obrade odgovoran za obradu.<\/p>\n<div class=\"title-h4\">C) OBRADA<\/div>\n<p>Obrada je bilo koja operacija ili skup operacija koja se izvodi na osobnim podacima ili na skupovima osobnih podataka, bilo automatiziranim sredstvima, kao \u0161to su prikupljanje, bilje\u017eenje, organiziranje, strukturiranje, pohrana, prilagodba ili izmjena, pronala\u017eenje, savjetovanje, uporaba, otkrivanje prijenosom, \u0161irenjem ili stavljanjem na raspolaganje na drugi na\u010din, poravnavanje ili kombinacija, ograni\u010denje, brisanje ili uni\u0161tavanje.<\/p>\n<h4>D) OGRANI\u010cENJE OBRADE<\/h4>\n<p>Ograni\u010denje obrade ozna\u010davanje je pohranjenih osobnih podataka s ciljem ograni\u010davanja njihove obrade u budu\u0107nosti.<\/p>\n<h4>E) PROFILIRANJE<\/h4>\n<p>Profiliranje zna\u010di bilo koji oblik automatizirane obrade osobnih podataka koji se sastoji od upotrebe osobnih podataka za procjenu odre\u0111enih osobnih aspekata koji se odnose na fizi\u010dku osobu, posebno za analizu ili predvi\u0111anje aspekata koji se odnose na uspje\u0161nost te fizi\u010dke osobe na poslu, ekonomsku situaciju, zdravlje, osobne podatke sklonosti, interesi, pouzdanost, pona\u0161anje, mjesto ili kretanja.<\/p>\n<h4>F) PSEUDONIMIZACIJA<\/h4>\n<p>Pseudonimizacija je obrada osobnih podataka na takav na\u010din da se osobni podaci vi\u0161e ne mogu pripisati odre\u0111enom subjektu podataka bez upotrebe dodatnih podataka, pod uvjetom da se takvi dodatni podaci \u010duvaju odvojeno i podlije\u017eu tehni\u010dkim i organizacijskim mjerama kako bi se osiguralo da se osobni podaci ne pripisuju identificiranoj ili utvrdivoj fizi\u010dkoj osobi.<\/p>\n<h4>G) KONTROLOR ILI KONTROLOR ODGOVORAN ZA OBRADU<\/h4>\n<p>Voditelj ili voditelj obrade odgovoran za obradu je fizi\u010dka ili pravna osoba, javno tijelo, agencija ili drugo tijelo koje, samostalno ili zajedno s drugima, odre\u0111uje svrhe i sredstva obrade osobnih podataka; ako su svrhe i sredstva takve obrade utvr\u0111ena zakonom Unije ili dr\u017eavama \u010dlanicama, kontrolor ili posebni kriteriji za njegovo imenovanje mogu biti propisani zakonom Unije ili dr\u017eave \u010dlanice.<\/p>\n<h4>H) PROCESOR<\/h4>\n<p>Obra\u0111iva\u010d je fizi\u010dka ili pravna osoba, javno tijelo, agencija ili drugo tijelo koje obra\u0111uje osobne podatke u ime voditelja obrade.<\/p>\n<h4>I) PRIMATELJ<\/h4>\n<p>Primatelj je fizi\u010dka ili pravna osoba, javno tijelo, agencija ili drugo tijelo kojem se otkrivaju osobni podaci, bilo da je rije\u010d o tre\u0107oj strani ili ne. Me\u0111utim, javna tijela koja mogu dobiti osobne podatke u okviru odre\u0111ene istrage u skladu s pravom Unije ili dr\u017eava \u010dlanica ne\u0107e se smatrati primateljima; obrada tih podataka od strane tih javnih vlasti bit \u0107e u skladu s primjenjivim pravilima o za\u0161titi podataka u skladu sa svrhom obrade.<\/p>\n<h4>J) TRE\u0106A LICA<\/h4>\n<p>Tre\u0107a strana je fizi\u010dka ili pravna osoba, javno tijelo, agencija ili tijelo koje nije subjekt podataka, voditelj obrade, obra\u0111iva\u010d i osobe koje su pod izravnim nadzorom voditelja obrade ili obra\u0111iva\u010da ovla\u0161tene za obradu osobnih podataka.<\/p>\n<h4>K) SuGLASNOST<\/h4>\n<p>Suglasnost nositelja podataka je svaka slobodno data, specifi\u010dna, informirana i nedvosmislena naznaka \u017eelja nositelja podataka kojom on ili ona izjavom ili jasnom potvrdnom radnjom ozna\u010dava pristanak na obradu osobnih podataka koji se odnose na njega .<\/p>\n<h2>2. IME I ADRESA KONTROLORA<\/h2>\n<p>Upravitelj za potrebe Op\u0107e uredbe o za\u0161titi podataka (GDPR), ostalih zakona o za\u0161titi podataka koji se primjenjuju u dr\u017eavama \u010dlanicama Europske unije i drugih odredbi vezanih uz za\u0161titu podataka je: COLMO ADRESA Hrvatska Telefon: 0998145550 E-po\u0161ta: trgovina.colmo@gmail.com Web stranica: colmo-shop.com<\/p>\n<h2>3. KOLA\u010cI\u0106I<\/h2>\n<p>Internetske stranice COLMO-a koriste kola\u010di\u0107e. Kola\u010di\u0107i su tekstualne datoteke koje se pohranjuju u ra\u010dunalni sustav putem internetskog preglednika. Mnoge internetske stranice i poslu\u017eitelji koriste kola\u010di\u0107e. Mnogi kola\u010di\u0107i sadr\u017ee takozvani ID kola\u010di\u0107a. ID kola\u010di\u0107a jedinstveni je identifikator kola\u010di\u0107a. Sastoji se od niza znakova putem kojih se internetske stranice i poslu\u017eitelji mogu dodijeliti odre\u0111enom internetskom pregledniku u kojem je pohranjen kola\u010di\u0107. To omogu\u0107uje posje\u0107enim internetskim mjestima i poslu\u017eiteljima da razlikuju pojedina\u010dni preglednik subjekta podataka od ostalih internetskih preglednika koji sadr\u017ee druge kola\u010di\u0107e. Odre\u0111eni internetski preglednik mo\u017ee se prepoznati i identificirati pomo\u0107u jedinstvenog ID-a kola\u010di\u0107a. Kori\u0161tenjem kola\u010di\u0107a, COLMO mo\u017ee korisnicima ovog web mjesta pru\u017eiti korisnije usluge koje ne bi bile mogu\u0107e bez postavke kola\u010di\u0107a. Pomo\u0107u kola\u010di\u0107a informacije i ponude na na\u0161oj web stranici mogu se optimizirati s obzirom na korisnika. Kola\u010di\u0107i nam omogu\u0107uju, kao \u0161to je prethodno spomenuto, da prepoznamo korisnike na\u0161ih web stranica. Svrha ovog priznanja je olak\u0161ati korisnicima upotrebu na\u0161e web stranice. Korisnik web stranice koji koristi kola\u010di\u0107e, npr. ne mora unositi podatke o pristupu svaki put kada se pristupi web mjestu, jer to preuzima web mjesto, a kola\u010di\u0107 se na taj na\u010din sprema u ra\u010dunalni sustav korisnika. Drugi primjer je kola\u010di\u0107 ko\u0161arice u internetskoj trgovini. Internetska trgovina pamti \u010dlanke koje je kupac stavio u virtualnu ko\u0161aricu putem kola\u010di\u0107a. Subjekt podataka mo\u017ee u bilo kojem trenutku sprije\u010diti postavljanje kola\u010di\u0107a putem na\u0161e web stranice pomo\u0107u odgovaraju\u0107e postavke kori\u0161tenog internetskog preglednika i na taj na\u010din mo\u017ee trajno zabraniti postavljanje kola\u010di\u0107a. Nadalje, ve\u0107 postavljeni kola\u010di\u0107i mogu se u bilo kojem trenutku izbrisati putem internetskog preglednika ili drugog softverskog programa. To je mogu\u0107e u svim popularnim internetskim preglednicima. Ako subjekt podataka deaktivira postavljanje kola\u010di\u0107a u kori\u0161tenom internetskom pregledniku, mo\u017eda ne\u0107e biti sve funkcije na\u0161eg web mjesta u potpunosti korisne.<\/p>\n<h3>4. LEGITIMATIVNI INTERESI KOJE JE PROVEDIO KONTROLOR ILI TRE\u0106A STRANA<\/h3>\n<p>Ako se obrada osobnih podataka temelji na \u010dlanku 6. stavku 1. lit. f GDPR na\u0161 je legitimni interes obavljati svoje poslovanje u korist dobrobiti svih na\u0161ih zaposlenika i dioni\u010dara.<\/p>\n<h3>5. RAZDOBLJE ZA KOJE \u0106E SE O\u010cUVATI OSOBNI PODACI<\/h3>\n<p>Kriteriji koji se koriste za odre\u0111ivanje razdoblja pohrane osobnih podataka odgovaraju\u0107e je zakonsko razdoblje \u010duvanja. Nakon isteka tog razdoblja, odgovaraju\u0107i podaci se rutinski bri\u0161u, sve dok vi\u0161e nisu potrebni za ispunjenje ugovora ili pokretanje ugovora.<\/p>\n<h3>6. PRU\u017dANJE OSOBNIH PODATAKA KAO STATUTNI ILI UGOVORNI ZAHTJEVI; POTREBAN POTREBAN ULAZAK U UGOVOR; OBAVEZA PODATAKA KOJI PREDMETE PRU\u017dATI OSOBNE PODATKE; MOGU\u0106E POSLJEDICE NEPOSTAVLJANJA TAKVIH PODATAKA<\/h3>\n<p>Poja\u0161njavamo da je pru\u017eanje osobnih podataka djelomi\u010dno propisano zakonom (npr. Porezni propisi) ili tako\u0111er mo\u017ee proiza\u0107i iz ugovornih odredbi (npr. Informacija o ugovornom partneru). Ponekad \u0107e biti potrebno sklopiti ugovor da nam subjekt podataka daje osobne podatke koje moramo naknadno obraditi. Subjekt podataka nam je, na primjer, du\u017ean dostaviti osobne podatke kada na\u0161a tvrtka s njim ili njom potpi\u0161e ugovor. Nepredstavljanje osobnih podataka imalo bi za posljedicu da se ugovor s nositeljem podataka ne mo\u017ee sklopiti. Prije nego \u0161to subjekt podataka pru\u017ei osobne podatke, subjekt podataka mora kontaktirati bilo kojeg zaposlenika. Zaposlenik poja\u0161njava nositelju podataka je li pru\u017eanje osobnih podataka potrebno po zakonu ili ugovoru ili je potrebno za sklapanje ugovora, postoji li obveza pru\u017eanja osobnih podataka i posljedice nepru\u017eanja osobnih podataka podaci.<\/p>","protected":false},"excerpt":{"rendered":"<p>POLITIKA PRIVATNOSTI Drago nam je \u0161to ste pokazali interes za na\u0161e poduze\u0107e. Za\u0161tita podataka posebno je va\u017ean prioritet za upravljanje&#8230;<\/p>\n","protected":false},"author":1,"featured_media":0,"parent":0,"menu_order":0,"comment_status":"closed","ping_status":"closed","template":"","meta":{"footnotes":""},"class_list":["post-992","page","type-page","status-publish"],"jetpack_sharing_enabled":true,"_links":{"self":[{"href":"https:\/\/colmo-shop.com\/hr\/wp-json\/wp\/v2\/pages\/992","targetHints":{"allow":["GET"]}}],"collection":[{"href":"https:\/\/colmo-shop.com\/hr\/wp-json\/wp\/v2\/pages"}],"about":[{"href":"https:\/\/colmo-shop.com\/hr\/wp-json\/wp\/v2\/types\/page"}],"author":[{"embeddable":true,"href":"https:\/\/colmo-shop.com\/hr\/wp-json\/wp\/v2\/users\/1"}],"replies":[{"embeddable":true,"href":"https:\/\/colmo-shop.com\/hr\/wp-json\/wp\/v2\/comments?post=992"}],"version-history":[{"count":6,"href":"https:\/\/colmo-shop.com\/hr\/wp-json\/wp\/v2\/pages\/992\/revisions"}],"predecessor-version":[{"id":1568,"href":"https:\/\/colmo-shop.com\/hr\/wp-json\/wp\/v2\/pages\/992\/revisions\/1568"}],"wp:attachment":[{"href":"https:\/\/colmo-shop.com\/hr\/wp-json\/wp\/v2\/media?parent=992"}],"curies":[{"name":"wp","href":"https:\/\/api.w.org\/{rel}","templated":true}]}}