{"id":90,"date":"2019-01-11T11:34:35","date_gmt":"2019-01-11T11:34:35","guid":{"rendered":"http:\/\/democontent.codex-themes.com\/sites\/shop-online\/?page_id=90"},"modified":"2021-07-07T18:24:39","modified_gmt":"2021-07-07T16:24:39","slug":"the-story-colmo","status":"publish","type":"page","link":"https:\/\/colmo-shop.com\/hr\/about\/the-story-colmo\/","title":{"rendered":"Pri\u010da o Colmo"},"content":{"rendered":"<div class=\"wpb-content-wrapper\"><p>[vc_row full_width=&#8221;stretch_row&#8221; css=&#8221;.vc_custom_1547206615655{margin-bottom: 0px !important;}&#8221;][vc_column]<div class=\"clearboth\"><\/div><style>#thegem-divider-69df205339ed3 {margin-top: 150px !important;}<\/style><div id=\"thegem-divider-69df205339ed3\" class=\"gem-divider  \" style=\"\" ><\/div>[\/vc_column][\/vc_row][vc_row full_width=&#8221;stretch_row&#8221; equal_height=&#8221;yes&#8221; content_placement=&#8221;middle&#8221; css=&#8221;.vc_custom_1615631903548{margin-bottom: 0px !important;}&#8221;][vc_column width=&#8221;1\/3&#8243;]<div class=\"centered-box gem-image-centered-box\" ><div class=\"gem-image gem-wrapbox gem-wrapbox-style-default gem-wrapbox-position-centered lazy-loading  thegem-custom-69df205339f245561\"  style=\"\" ><div class=\"gem-wrapbox-inner  lazy-loading-item\"  data-ll-effect=\"move-up\"><a href=\"https:\/\/i0.wp.com\/colmo-shop.com\/wp-content\/uploads\/2021\/03\/colmo-3.jpg?fit=1094%2C1094&ssl=1\" class=\"fancybox\"><img class=\"gem-wrapbox-element img-responsive\" src=\"https:\/\/i0.wp.com\/colmo-shop.com\/wp-content\/uploads\/2021\/03\/colmo-3.jpg?fit=1094%2C1094&#038;ssl=1\" alt=\"\" title=\"\"><\/a><\/div><style type=\"text\/css\">.thegem-custom-69df205339f245561.gem-image a:hover img {filter: brightness( 100% ) contrast( 100% ) saturate( 100% ) blur( 0px ) hue-rotate( 0deg );}<\/style><\/div><\/div>[\/vc_column][vc_column width=&#8221;2\/3&#8243;][vc_column_text css=&#8221;.vc_custom_1625675062624{margin-top: -10px !important;}&#8221;]<\/p>\n<div class=\"title-h2\">ZA\u0160TO IME COLMO?<\/div>\n<p>[\/vc_column_text]<div class=\"clearboth\"><\/div><style>#thegem-divider-69df20533a23a {margin-top: 45px !important;}<\/style><div id=\"thegem-divider-69df20533a23a\" class=\"gem-divider  \" style=\"\" ><\/div>[vc_column_text]<strong>Colmo je naziv za Hum<\/strong>\u00a0\u0161to na talijanskom zna\u010di brdo. Hum,\u00a0<strong>najmanji grad na svijetu<\/strong>, \u010darobno je mjesto koje posje\u0107uju ljudi iz cijelog svijeta. Ako se na\u0111ete u Humu, ne propustite posjetiti na\u0161u trgovinu i ku\u0161ati razne\u00a0<strong>lokalne delicije i rakije<\/strong>. Bogata ponuda doma\u0107ih proizvoda, uglavnom iz Istre, temelji se na\u00a0<strong>autohtonim, originalnim i visokokvalitetnim proizvodima malih proizvo\u0111a\u010da<\/strong>\u00a0koji \u0107e stvoriti neke nove trenutke ili vratiti uspomene. Ovdje \u0107ete dobiti ideju kako obogatiti vrlo jednostavno jelo ili kako nekoga odu\u0161eviti originalnim poklonom.<\/p>\n<div class=\"styled-subtitle\">Gastro ljubitelji, sakuplja\u010di suvenira i ljubitelji prirodne kozmetike dobrodo\u0161li su u na\u0161 mali raj.<\/div>\n<p>[\/vc_column_text][\/vc_column][\/vc_row][vc_row full_width=&#8221;stretch_row&#8221; css=&#8221;.vc_custom_1547206615655{margin-bottom: 0px !important;}&#8221;][vc_column]<div class=\"clearboth\"><\/div><style>#thegem-divider-69df20533a25d {margin-top: 65px !important;}<\/style><div id=\"thegem-divider-69df20533a25d\" class=\"gem-divider  \" style=\"\" ><\/div>[\/vc_column][\/vc_row][vc_row full_width=&#8221;stretch_row&#8221; css=&#8221;.vc_custom_1547206615655{margin-bottom: 0px !important;}&#8221;][vc_column]<div style='background-color: #f4f4f4; '  class=\"gem-quote gem-quote-style-1 gem-quote-no-paddings custom-color-blockqute-mark-added \" ><blockquote  ><\/p>\n<div class=\"styled-subtitle\" style=\"text-align: center;\"><em>&#8220;Tom malom gradi\u0107u u pohode do\u0111i na kamenu tvrdu toplina vri\u2026&#8221;<\/em><\/div>\n<p><\/blockquote><span style=color:#d7b398;  class=\"custom-color-blockqute-mark\">&#xe60c;<\/span><\/div>[\/vc_column][\/vc_row][vc_row full_width=&#8221;stretch_row&#8221; css=&#8221;.vc_custom_1547206615655{margin-bottom: 0px !important;}&#8221;][vc_column]<div class=\"clearboth\"><\/div><style>#thegem-divider-69df20533a29b {margin-top: 80px !important;}<\/style><div id=\"thegem-divider-69df20533a29b\" class=\"gem-divider  \" style=\"\" ><\/div>[\/vc_column][\/vc_row]<\/p>\n<\/div>","protected":false},"excerpt":{"rendered":"<p>[vc_row full_width=&#8221;stretch_row&#8221; css=&#8221;.vc_custom_1547206615655{margin-bottom: 0px !important;}&#8221;][vc_column][\/vc_column][\/vc_row][vc_row full_width=&#8221;stretch_row&#8221; equal_height=&#8221;yes&#8221; content_placement=&#8221;middle&#8221; css=&#8221;.vc_custom_1615631903548{margin-bottom: 0px !important;}&#8221;][vc_column width=&#8221;1\/3&#8243;][\/vc_column][vc_column width=&#8221;2\/3&#8243;][vc_column_text css=&#8221;.vc_custom_1625675062624{margin-top: -10px !important;}&#8221;] ZA\u0160TO IME COLMO? [\/vc_column_text][vc_column_text]Colmo&#8230;<\/p>\n","protected":false},"author":1,"featured_media":0,"parent":657,"menu_order":-1,"comment_status":"closed","ping_status":"closed","template":"","meta":{"footnotes":""},"class_list":["post-90","page","type-page","status-publish"],"jetpack_sharing_enabled":true,"_links":{"self":[{"href":"https:\/\/colmo-shop.com\/hr\/wp-json\/wp\/v2\/pages\/90","targetHints":{"allow":["GET"]}}],"collection":[{"href":"https:\/\/colmo-shop.com\/hr\/wp-json\/wp\/v2\/pages"}],"about":[{"href":"https:\/\/colmo-shop.com\/hr\/wp-json\/wp\/v2\/types\/page"}],"author":[{"embeddable":true,"href":"https:\/\/colmo-shop.com\/hr\/wp-json\/wp\/v2\/users\/1"}],"replies":[{"embeddable":true,"href":"https:\/\/colmo-shop.com\/hr\/wp-json\/wp\/v2\/comments?post=90"}],"version-history":[{"count":10,"href":"https:\/\/colmo-shop.com\/hr\/wp-json\/wp\/v2\/pages\/90\/revisions"}],"predecessor-version":[{"id":1559,"href":"https:\/\/colmo-shop.com\/hr\/wp-json\/wp\/v2\/pages\/90\/revisions\/1559"}],"up":[{"embeddable":true,"href":"https:\/\/colmo-shop.com\/hr\/wp-json\/wp\/v2\/pages\/657"}],"wp:attachment":[{"href":"https:\/\/colmo-shop.com\/hr\/wp-json\/wp\/v2\/media?parent=90"}],"curies":[{"name":"wp","href":"https:\/\/api.w.org\/{rel}","templated":true}]}}