{"id":45,"date":"2019-01-11T08:24:09","date_gmt":"2019-01-11T08:24:09","guid":{"rendered":"http:\/\/democontent.codex-themes.com\/sites\/shop-online\/?page_id=45"},"modified":"2021-07-07T18:36:00","modified_gmt":"2021-07-07T16:36:00","slug":"cookies-policy","status":"publish","type":"page","link":"https:\/\/colmo-shop.com\/hr\/cookies-policy\/","title":{"rendered":"Pravila o kola\u010di\u0107ima"},"content":{"rendered":"<div class=\"wpb-content-wrapper\"><p>[vc_row][vc_column][vc_column_text]<\/p>\n<div class=\"title-h2\">KOLA\u010cI\u0106I<\/div>\n<p>Internetske stranice COLMO-a koriste kola\u010di\u0107e. Kola\u010di\u0107i su tekstualne datoteke koje se pohranjuju u ra\u010dunalni sustav putem internetskog preglednika.<\/p>\n<p>Mnoge internetske stranice i poslu\u017eitelji koriste kola\u010di\u0107e. Mnogi kola\u010di\u0107i sadr\u017ee takozvani ID kola\u010di\u0107a. ID kola\u010di\u0107a jedinstveni je identifikator kola\u010di\u0107a. Sastoji se od niza znakova putem kojih se internetske stranice i poslu\u017eitelji mogu dodijeliti odre\u0111enom internetskom pregledniku u kojem je pohranjen kola\u010di\u0107. To omogu\u0107uje posje\u0107enim internetskim mjestima i poslu\u017eiteljima da razlikuju pojedina\u010dni preglednik subjekta podataka od ostalih internetskih preglednika koji sadr\u017ee druge kola\u010di\u0107e. Odre\u0111eni internetski preglednik mo\u017ee se prepoznati i identificirati pomo\u0107u jedinstvenog ID-a kola\u010di\u0107a.<\/p>\n<p>Kori\u0161tenjem kola\u010di\u0107a, COLMO mo\u017ee korisnicima ovog web mjesta pru\u017eiti korisnije usluge koje ne bi bile mogu\u0107e bez postavke kola\u010di\u0107a.<\/p>\n<p>Pomo\u0107u kola\u010di\u0107a informacije i ponude na na\u0161oj web stranici mogu se optimizirati s obzirom na korisnika. Kola\u010di\u0107i nam omogu\u0107uju, kao \u0161to je prethodno spomenuto, da prepoznamo korisnike na\u0161ih web stranica. Svrha ovog priznanja je olak\u0161ati korisnicima upotrebu na\u0161e web stranice. Korisnik web stranice koji koristi kola\u010di\u0107e, npr. ne mora unositi podatke o pristupu svaki put kada se pristupi web mjestu, jer to preuzima web mjesto, a kola\u010di\u0107 se na taj na\u010din sprema u ra\u010dunalni sustav korisnika. Drugi primjer je kola\u010di\u0107 ko\u0161arice u internetskoj trgovini. Internetska trgovina pamti \u010dlanke koje je kupac stavio u virtualnu ko\u0161aricu putem kola\u010di\u0107a.<\/p>\n<p>Subjekt podataka mo\u017ee u bilo kojem trenutku sprije\u010diti postavljanje kola\u010di\u0107a putem na\u0161e web stranice pomo\u0107u odgovaraju\u0107e postavke kori\u0161tenog internetskog preglednika i na taj na\u010din mo\u017ee trajno zabraniti postavljanje kola\u010di\u0107a. Nadalje, ve\u0107 postavljeni kola\u010di\u0107i mogu se u bilo kojem trenutku izbrisati putem internetskog preglednika ili drugog softverskog programa. To je mogu\u0107e u svim popularnim internetskim preglednicima. Ako subjekt podataka deaktivira postavljanje kola\u010di\u0107a u kori\u0161tenom internetskom pregledniku, mo\u017eda ne\u0107e biti sve funkcije na\u0161eg web mjesta u potpunosti korisne.[\/vc_column_text][\/vc_column][\/vc_row]<\/p>\n<\/div>","protected":false},"excerpt":{"rendered":"<p>[vc_row][vc_column][vc_column_text] KOLA\u010cI\u0106I Internetske stranice COLMO-a koriste kola\u010di\u0107e. Kola\u010di\u0107i su tekstualne datoteke koje se pohranjuju u ra\u010dunalni sustav putem internetskog preglednika&#8230;.<\/p>\n","protected":false},"author":1,"featured_media":0,"parent":0,"menu_order":0,"comment_status":"closed","ping_status":"closed","template":"","meta":{"footnotes":""},"class_list":["post-45","page","type-page","status-publish"],"jetpack_sharing_enabled":true,"_links":{"self":[{"href":"https:\/\/colmo-shop.com\/hr\/wp-json\/wp\/v2\/pages\/45","targetHints":{"allow":["GET"]}}],"collection":[{"href":"https:\/\/colmo-shop.com\/hr\/wp-json\/wp\/v2\/pages"}],"about":[{"href":"https:\/\/colmo-shop.com\/hr\/wp-json\/wp\/v2\/types\/page"}],"author":[{"embeddable":true,"href":"https:\/\/colmo-shop.com\/hr\/wp-json\/wp\/v2\/users\/1"}],"replies":[{"embeddable":true,"href":"https:\/\/colmo-shop.com\/hr\/wp-json\/wp\/v2\/comments?post=45"}],"version-history":[{"count":6,"href":"https:\/\/colmo-shop.com\/hr\/wp-json\/wp\/v2\/pages\/45\/revisions"}],"predecessor-version":[{"id":1565,"href":"https:\/\/colmo-shop.com\/hr\/wp-json\/wp\/v2\/pages\/45\/revisions\/1565"}],"wp:attachment":[{"href":"https:\/\/colmo-shop.com\/hr\/wp-json\/wp\/v2\/media?parent=45"}],"curies":[{"name":"wp","href":"https:\/\/api.w.org\/{rel}","templated":true}]}}