{"id":309,"date":"2019-01-14T13:36:16","date_gmt":"2019-01-14T13:36:16","guid":{"rendered":"http:\/\/democontent.codex-themes.com\/sites\/shop-online\/?page_id=309"},"modified":"2025-04-29T09:28:11","modified_gmt":"2025-04-29T07:28:11","slug":"delivery","status":"publish","type":"page","link":"https:\/\/colmo-shop.com\/hr\/delivery\/","title":{"rendered":"Dostava"},"content":{"rendered":"<div class=\"wpb-content-wrapper\"><p>[vc_row css=&#8221;.vc_custom_1547473050373{margin-bottom: 0px !important;}&#8221;][vc_column]<div class=\"clearboth\"><\/div><style>#thegem-divider-69e07885672ea {margin-top: 150px !important;}<\/style><div id=\"thegem-divider-69e07885672ea\" class=\"gem-divider  \" style=\"\" ><\/div>[\/vc_column][\/vc_row][vc_row css=&#8221;.vc_custom_1547473050373{margin-bottom: 0px !important;}&#8221;][vc_column width=&#8221;1\/2&#8243;]<div class=\"gem-image gem-wrapbox gem-wrapbox-style-default gem-wrapbox-position-below  thegem-custom-69e0788567324574\"  style=\"\" ><div class=\"gem-wrapbox-inner \" ><img class=\"gem-wrapbox-element img-responsive\" src=\"https:\/\/i0.wp.com\/colmo-shop.com\/wp-content\/uploads\/2019\/01\/2-1.png?fit=584%2C349&#038;ssl=1\" alt=\"\" title=\"\"><\/div><style type=\"text\/css\">.thegem-custom-69e0788567324574.gem-image a:hover img {filter: brightness( 100% ) contrast( 100% ) saturate( 100% ) blur( 0px ) hue-rotate( 0deg );}<\/style><\/div>[\/vc_column][vc_column width=&#8221;1\/2&#8243;][vc_column_text]Dostava se vr\u0161i svakog radnog dana do ulaza u stambenu zgradu na \u017eeljenu adresu ili do najbli\u017ee po\u0161te u Hrvatskoj. Dostava se vr\u0161i putem Hrvatske po\u0161te (HPexpress).<\/p>\n<p>Kada potvr\u0111ujete narud\u017ebu, mo\u017eete unijeti bilje\u0161ku ako \u017eelite preuzimanje u najbli\u017eoj po\u0161ti.[\/vc_column_text]<div class=\"clearboth\"><\/div><style>#thegem-divider-69e078856742e {margin-top: 35px !important;}<\/style><div id=\"thegem-divider-69e078856742e\" class=\"gem-divider  \" style=\"\" ><\/div><div class=\"gem-list gem-list-type-square gem-list-color-8\" ><ul>\n<li>Dostava na ku\u0107nu adresu<\/li>\n<li>Dostava do po\u0161te<\/li>\n<li>Besplatna dostava<\/li>\n<li>Preuzimanje u trgovini<\/li>\n<\/ul>\n<\/div>[\/vc_column][\/vc_row][vc_row css=&#8221;.vc_custom_1547473050373{margin-bottom: 0px !important;}&#8221;][vc_column]<div class=\"clearboth\"><\/div><style>#thegem-divider-69e078856750a {margin-top: 115px !important;}<\/style><div id=\"thegem-divider-69e078856750a\" class=\"gem-divider  \" style=\"\" ><\/div>[vc_row_inner css=&#8221;.vc_custom_1552648516634{margin-bottom: 50px !important;}&#8221;][vc_column_inner]<div class=\"gem-icon-with-text gem-icon-with-text-icon-size-small\" ><div style=\"margin-bottom:0px;padding-top: 5px;margin-top:0px; \" class=\"gem-icon-with-text-icon\"><div class=\"gem-icon gem-icon-pack-material gem-icon-size-small  gem-icon-shape-square gem-simple-icon \"  style=\"opacity: 1;\"><div class=\"gem-icon-inner\" style=\"\"><span class=\"gem-icon-half-1\" style=\"color: #212121;\"><span class=\"back-angle\">&#xf3e3;<\/span><\/span><span class=\"gem-icon-half-2\" style=\"color: #212121;\"><span class=\"back-angle\">&#xf3e3;<\/span><\/span><\/div><\/div><\/div><div class=\"gem-icon-with-text-content\" ><div class=\"gem-icon-with-text-text\">[vc_column_text]<\/p>\n<div class=\"title-h4\">DOSTAVA NA KU\u0106NU ADRESU<\/div>\n<p>[\/vc_column_text][vc_column_text css=&#8221;.vc_custom_1745911689388{margin-top: -10px !important;margin-bottom: -20px !important;}&#8221;]Za naru\u010denu robu koja se pla\u0107a prilikom preuzimanja ili pla\u0107a unaprijed na ku\u0107nu adresu. Naru\u010dite prije 14:00 (po lokalnom vremenu) da biste narud\u017ebu primili za 2 \u2013 4 radna dana (samo za doma\u0107e isporuke). Za narud\u017ebe izvr\u0161ene nakon 14:00 sati bit \u0107e potreban dodatni radni dan (radni dani ne uklju\u010duju: vikend i blagdane).<\/p>\n<div class=\"styled-subtitle\"><span style=\"color: #d7b398;\">7 EUR<\/span><\/div>\n<p>[\/vc_column_text]<\/div><\/div><div class=\"clearboth\"><\/div><\/div>[\/vc_column_inner][\/vc_row_inner][vc_row_inner css=&#8221;.vc_custom_1552648553052{margin-bottom: 50px !important;}&#8221;][vc_column_inner]<div class=\"gem-icon-with-text gem-icon-with-text-icon-size-small\" ><div style=\"margin-bottom:0px;padding-top: 5px;margin-top:0px; \" class=\"gem-icon-with-text-icon\"><div class=\"gem-icon gem-icon-pack-material gem-icon-size-small  gem-icon-shape-square gem-simple-icon \"  style=\"opacity: 1;\"><div class=\"gem-icon-inner\" style=\"\"><span class=\"gem-icon-half-1\" style=\"color: #212121;\"><span class=\"back-angle\">&#xf3e3;<\/span><\/span><span class=\"gem-icon-half-2\" style=\"color: #212121;\"><span class=\"back-angle\">&#xf3e3;<\/span><\/span><\/div><\/div><\/div><div class=\"gem-icon-with-text-content\" ><div class=\"gem-icon-with-text-text\">[vc_column_text]<\/p>\n<div class=\"title-h4\">DOSTAVA DO PO\u0160TE<\/div>\n<p>[\/vc_column_text][vc_column_text css=&#8221;.vc_custom_1625675843566{margin-top: -10px !important;margin-bottom: -20px !important;}&#8221;]Odaberite najbli\u017eu po\u0161tu i tamo preuzmite svoju robu. Naru\u010dite prije 14:00 (po lokalnom vremenu) da biste narud\u017ebu primili za 2 \u2013 4 radna dana (samo za doma\u0107e isporuke). Za narud\u017ebe izvr\u0161ene nakon 14:00 sati bit \u0107e potreban dodatni radni dan (radni dani ne uklju\u010duju: vikend i blagdane).<\/p>\n<div class=\"styled-subtitle\"><span style=\"color: #d7b398;\">25 HRK<\/span><\/div>\n<p>[\/vc_column_text]<\/div><\/div><div class=\"clearboth\"><\/div><\/div>[\/vc_column_inner][\/vc_row_inner][vc_row_inner css=&#8221;.vc_custom_1552648553052{margin-bottom: 50px !important;}&#8221;][vc_column_inner]<div class=\"gem-icon-with-text gem-icon-with-text-icon-size-small\" ><div style=\"margin-bottom:0px;padding-top: 5px;margin-top:0px; \" class=\"gem-icon-with-text-icon\"><div class=\"gem-icon gem-icon-pack-material gem-icon-size-small  gem-icon-shape-square gem-simple-icon \"  style=\"opacity: 1;\"><div class=\"gem-icon-inner\" style=\"\"><span class=\"gem-icon-half-1\" style=\"color: #212121;\"><span class=\"back-angle\">&#xf3e3;<\/span><\/span><span class=\"gem-icon-half-2\" style=\"color: #212121;\"><span class=\"back-angle\">&#xf3e3;<\/span><\/span><\/div><\/div><\/div><div class=\"gem-icon-with-text-content\" ><div class=\"gem-icon-with-text-text\">[vc_column_text]<\/p>\n<div class=\"title-h4\">BESPLATNA DOSTAVA<\/div>\n<p>[\/vc_column_text][vc_column_text css=&#8221;.vc_custom_1625675887366{margin-top: -10px !important;margin-bottom: -20px !important;}&#8221;]Dostava je besplatna za iznos narud\u017ebe iznad 300 kn, osim u slu\u010daju naru\u010divanja ve\u0107ih koli\u010dina ambala\u017ee, staklene ambala\u017ee ili sirovina kada se umjesto naknade za dostavu pla\u0107a iznos osiguranja po\u0161iljke, pa\u017eljivije postupanje tijekom isporuke. Naru\u010dite prije 14:00 (po lokalnom vremenu) da biste narud\u017ebu primili za 2 \u2013 4 radna dana (samo za doma\u0107e isporuke). Za narud\u017ebe izvr\u0161ene nakon 14:00 sati bit \u0107e potreban dodatni radni dan (radni dani ne uklju\u010duju: vikend i blagdane).<\/p>\n<div class=\"styled-subtitle\"><span style=\"color: #d7b398;\">BESPLATNA DOSTAVA<\/span><\/div>\n<p>[\/vc_column_text]<\/div><\/div><div class=\"clearboth\"><\/div><\/div>[\/vc_column_inner][\/vc_row_inner][vc_row_inner css=&#8221;.vc_custom_1552648553052{margin-bottom: 50px !important;}&#8221;][vc_column_inner]<div class=\"gem-icon-with-text gem-icon-with-text-icon-size-small\" ><div style=\"margin-bottom:0px;padding-top: 5px;margin-top:0px; \" class=\"gem-icon-with-text-icon\"><div class=\"gem-icon gem-icon-pack-material gem-icon-size-small  gem-icon-shape-square gem-simple-icon \"  style=\"opacity: 1;\"><div class=\"gem-icon-inner\" style=\"\"><span class=\"gem-icon-half-1\" style=\"color: #212121;\"><span class=\"back-angle\">&#xf3e3;<\/span><\/span><span class=\"gem-icon-half-2\" style=\"color: #212121;\"><span class=\"back-angle\">&#xf3e3;<\/span><\/span><\/div><\/div><\/div><div class=\"gem-icon-with-text-content\" ><div class=\"gem-icon-with-text-text\">[vc_column_text]<\/p>\n<div class=\"title-h4\">PREUZIMANJE U TRGOVINI<\/div>\n<p>[\/vc_column_text][vc_column_text css=&#8221;.vc_custom_1625675880175{margin-top: -10px !important;margin-bottom: -20px !important;}&#8221;]Naru\u010dite svoju robu i preuzmite je u na\u0161oj trgovini.<\/p>\n<div class=\"styled-subtitle\"><span style=\"color: #d7b398;\">BEZ NAKNADE<\/span><\/div>\n<p>[\/vc_column_text]<\/div><\/div><div class=\"clearboth\"><\/div><\/div>[\/vc_column_inner][\/vc_row_inner][vc_row_inner css=&#8221;.vc_custom_1552648553052{margin-bottom: 50px !important;}&#8221;][vc_column_inner]<div class=\"gem-icon-with-text gem-icon-with-text-icon-size-small\" ><div style=\"margin-bottom:0px;padding-top: 5px;margin-top:0px; \" class=\"gem-icon-with-text-icon\"><div class=\"gem-icon gem-icon-pack-material gem-icon-size-small  gem-icon-shape-square gem-simple-icon \"  style=\"opacity: 1;\"><div class=\"gem-icon-inner\" style=\"\"><span class=\"gem-icon-half-1\" style=\"color: #212121;\"><span class=\"back-angle\">&#xf3e3;<\/span><\/span><span class=\"gem-icon-half-2\" style=\"color: #212121;\"><span class=\"back-angle\">&#xf3e3;<\/span><\/span><\/div><\/div><\/div><div class=\"gem-icon-with-text-content\" ><div class=\"gem-icon-with-text-text\">[vc_column_text]<\/p>\n<div class=\"title-h4\">EUROPA ZONA 1<\/div>\n<p>[\/vc_column_text][vc_column_text css=&#8221;.vc_custom_1625675902950{margin-top: -10px !important;margin-bottom: -20px !important;}&#8221;]Austrija, Slovenija, Ma\u0111arska, Rumunjska, \u010ce\u0161ka, Slova\u010dka<\/p>\n<div class=\"styled-subtitle\"><span style=\"color: #d7b398;\">100 HRK<\/span><\/div>\n<p>[\/vc_column_text]<\/div><\/div><div class=\"clearboth\"><\/div><\/div>[\/vc_column_inner][\/vc_row_inner][vc_row_inner css=&#8221;.vc_custom_1552648553052{margin-bottom: 50px !important;}&#8221;][vc_column_inner]<div class=\"gem-icon-with-text gem-icon-with-text-icon-size-small\" ><div style=\"margin-bottom:0px;padding-top: 5px;margin-top:0px; \" class=\"gem-icon-with-text-icon\"><div class=\"gem-icon gem-icon-pack-material gem-icon-size-small  gem-icon-shape-square gem-simple-icon \"  style=\"opacity: 1;\"><div class=\"gem-icon-inner\" style=\"\"><span class=\"gem-icon-half-1\" style=\"color: #212121;\"><span class=\"back-angle\">&#xf3e3;<\/span><\/span><span class=\"gem-icon-half-2\" style=\"color: #212121;\"><span class=\"back-angle\">&#xf3e3;<\/span><\/span><\/div><\/div><\/div><div class=\"gem-icon-with-text-content\" ><div class=\"gem-icon-with-text-text\">[vc_column_text]<\/p>\n<div class=\"title-h4\">EUROPA ZONA 2 I 3<\/div>\n<p>[\/vc_column_text][vc_column_text css=&#8221;.vc_custom_1625675909459{margin-top: -10px !important;margin-bottom: -20px !important;}&#8221;]Belgija, Njema\u010dka, Nizozemska, Luksemburg, Poljska, Bugarska, Italija, Danska, Francuska, Irska<\/p>\n<div class=\"styled-subtitle\"><span style=\"color: #d7b398;\">150 HRK<\/span><\/div>\n<p>[\/vc_column_text]<\/div><\/div><div class=\"clearboth\"><\/div><\/div>[\/vc_column_inner][\/vc_row_inner][vc_row_inner css=&#8221;.vc_custom_1552648553052{margin-bottom: 50px !important;}&#8221;][vc_column_inner]<div class=\"gem-icon-with-text gem-icon-with-text-icon-size-small\" ><div style=\"margin-bottom:0px;padding-top: 5px;margin-top:0px; \" class=\"gem-icon-with-text-icon\"><div class=\"gem-icon gem-icon-pack-material gem-icon-size-small  gem-icon-shape-square gem-simple-icon \"  style=\"opacity: 1;\"><div class=\"gem-icon-inner\" style=\"\"><span class=\"gem-icon-half-1\" style=\"color: #212121;\"><span class=\"back-angle\">&#xf3e3;<\/span><\/span><span class=\"gem-icon-half-2\" style=\"color: #212121;\"><span class=\"back-angle\">&#xf3e3;<\/span><\/span><\/div><\/div><\/div><div class=\"gem-icon-with-text-content\" ><div class=\"gem-icon-with-text-text\">[vc_column_text]<\/p>\n<div class=\"title-h4\">EUROPA ZONA 4<\/div>\n<p>[\/vc_column_text][vc_column_text css=&#8221;.vc_custom_1625675939661{margin-top: -10px !important;margin-bottom: -20px !important;}&#8221;]Litva, Latvija, \u0160vedska, \u0160panjolska, Portugal, Finska, Gr\u010dka, Republika Cipar, Estonija, Malta, Monako<\/p>\n<div class=\"styled-subtitle\"><span style=\"color: #d7b398;\">320 HRK<\/span><\/div>\n<p>[\/vc_column_text]<\/div><\/div><div class=\"clearboth\"><\/div><\/div>[\/vc_column_inner][\/vc_row_inner][vc_row_inner css=&#8221;.vc_custom_1552648553052{margin-bottom: 50px !important;}&#8221;][vc_column_inner]<div class=\"gem-icon-with-text gem-icon-with-text-icon-size-small\" ><div style=\"margin-bottom:0px;padding-top: 5px;margin-top:0px; \" class=\"gem-icon-with-text-icon\"><div class=\"gem-icon gem-icon-pack-material gem-icon-size-small  gem-icon-shape-square gem-simple-icon \"  style=\"opacity: 1;\"><div class=\"gem-icon-inner\" style=\"\"><span class=\"gem-icon-half-1\" style=\"color: #212121;\"><span class=\"back-angle\">&#xf3e3;<\/span><\/span><span class=\"gem-icon-half-2\" style=\"color: #212121;\"><span class=\"back-angle\">&#xf3e3;<\/span><\/span><\/div><\/div><\/div><div class=\"gem-icon-with-text-content\" ><div class=\"gem-icon-with-text-text\">[vc_column_text]<\/p>\n<div class=\"title-h4\">EUROPA ZONA 5<\/div>\n<p>[\/vc_column_text][vc_column_text css=&#8221;.vc_custom_1625675952174{margin-top: -10px !important;margin-bottom: -20px !important;}&#8221;]Norve\u0161ka, \u0160vicarska<\/p>\n<div class=\"styled-subtitle\"><span style=\"color: #d7b398;\">375 HRK<\/span><\/div>\n<p>[\/vc_column_text]<\/div><\/div><div class=\"clearboth\"><\/div><\/div>[\/vc_column_inner][\/vc_row_inner]<div class=\"clearboth\"><\/div><style>#thegem-divider-69e0788567a2f {margin-top: 105px !important;}<\/style><div id=\"thegem-divider-69e0788567a2f\" class=\"gem-divider  \" style=\"\" ><\/div>[\/vc_column][\/vc_row][vc_row full_width=&#8221;stretch_row&#8221; css=&#8221;.vc_custom_1547473016623{margin-bottom: 0px !important;background-color: #f4f4f4 !important;}&#8221;][vc_column]<div class=\"clearboth\"><\/div><style>#thegem-divider-69e0788567a4f {margin-top: 120px !important;}<\/style><div id=\"thegem-divider-69e0788567a4f\" class=\"gem-divider  \" style=\"\" ><\/div>[vc_column_text css=&#8221;.vc_custom_1547205088185{margin-bottom: 5px !important;}&#8221;]<\/p>\n<div class=\"title-h2\" style=\"text-align: center;\">Send us an email<\/div>\n<p>[\/vc_column_text][vc_column_text]<\/p>\n<div class=\"styled-subtitle\" style=\"text-align: center;\">Get in contact with us by filling out our contact form<\/div>\n<p>[\/vc_column_text]<div class=\"clearboth\"><\/div><style>#thegem-divider-69e0788567a64 {margin-top: 60px !important;}<\/style><div id=\"thegem-divider-69e0788567a64\" class=\"gem-divider  \" style=\"\" ><\/div>\n<div class=\"wpcf7 no-js\" id=\"wpcf7-f1004-o2\" lang=\"en-US\" dir=\"ltr\" data-wpcf7-id=\"1004\">\n<div class=\"screen-reader-response\"><p role=\"status\" aria-live=\"polite\" aria-atomic=\"true\"><\/p> <ul><\/ul><\/div>\n<form action=\"\/hr\/wp-json\/wp\/v2\/pages\/309#wpcf7-f1004-o2\" method=\"post\" class=\"wpcf7-form init gem-contact-form-white\" aria-label=\"Contact form\" novalidate=\"novalidate\" data-status=\"init\">\n<fieldset class=\"hidden-fields-container\"><legend class=\"screen-reader-text\">Hidden fields<\/legend><input type=\"hidden\" name=\"_wpcf7\" value=\"1004\" \/><input type=\"hidden\" name=\"_wpcf7_version\" value=\"6.1.5\" \/><input type=\"hidden\" name=\"_wpcf7_locale\" value=\"en_US\" \/><input type=\"hidden\" name=\"_wpcf7_unit_tag\" value=\"wpcf7-f1004-o2\" \/><input type=\"hidden\" name=\"_wpcf7_container_post\" value=\"0\" \/><input type=\"hidden\" name=\"_wpcf7_posted_data_hash\" value=\"\" \/><input type=\"hidden\" name=\"_wpcf7_recaptcha_response\" value=\"\" \/>\n<\/fieldset>\n<div class=\"row\">\n\n\t<div class=\"form-line col-lg-6 col-md-6 col-xs-12\"><div class=\"gem-form-icon-name\"><span class=\"wpcf7-form-control-wrap\" data-name=\"your-name\"><input size=\"40\" maxlength=\"400\" class=\"wpcf7-form-control wpcf7-text wpcf7-validates-as-required\" aria-required=\"true\" aria-invalid=\"false\" placeholder=\"Ime*\" value=\"\" type=\"text\" name=\"your-name\" \/><\/span><\/div><\/div>\n\n\t<div class=\"form-line col-lg-6 col-md-6 col-xs-12\"><div class=\"gem-form-icon-email\"><span class=\"wpcf7-form-control-wrap\" data-name=\"your-email\"><input size=\"40\" maxlength=\"400\" class=\"wpcf7-form-control wpcf7-email wpcf7-validates-as-required wpcf7-text wpcf7-validates-as-email\" aria-required=\"true\" aria-invalid=\"false\" placeholder=\"Email*\" value=\"\" type=\"email\" name=\"your-email\" \/><\/span><\/div><\/div>\n\n\t<div class=\"form-line col-lg-12 col-md-12 col-xs-12\"><span class=\"wpcf7-form-control-wrap\" data-name=\"your-message\"><textarea cols=\"40\" rows=\"10\" maxlength=\"2000\" class=\"wpcf7-form-control wpcf7-textarea wpcf7-validates-as-required\" aria-required=\"true\" aria-invalid=\"false\" placeholder=\"Poruka\" name=\"your-message\"><\/textarea><\/span><\/div>\n\n\t<div class=\"col-lg-12 col-md-12 col-xs-12\"><style type=\"text\/css\">.thegem-button-69e0788568b1e4697 .gem-button svg {fill: #fff;}.thegem-button-69e0788568b1e4697 .gem-button:hover svg {fill: #d7b398;}<\/style><div class=\"gem-button-container gem-button-position-center thegem-button-69e0788568b1e4697\"  ><input class=\"gem-button gem-button-size-medium gem-button-style-flat gem-button-text-weight-normal wpcf7-form-control wpcf7-submit has-spinner gem-button-wpcf-custom\" data-ll-effect=\"drop-right-without-wrap\" style=\"border-radius: 3px;background-color: #d7b398;color: #fff;\" onmouseleave=\"this.style.backgroundColor='#d7b398';this.style.color='#fff';\" onmouseenter=\"this.style.backgroundColor='#212121';this.style.color='#d7b398';\" id=\"\" tabindex=\"\" type=\"submit\" value=\"Po\u0161alji poruku\" \/><\/div> <\/div>\n\n<\/div><div class=\"wpcf7-response-output\" aria-hidden=\"true\"><\/div>\n<\/form>\n<\/div>\n<div class=\"clearboth\"><\/div><style>#thegem-divider-69e0788569832 {margin-top: 120px !important;}<\/style><div id=\"thegem-divider-69e0788569832\" class=\"gem-divider  \" style=\"\" ><\/div>[\/vc_column][\/vc_row]<\/p>\n<\/div>","protected":false},"excerpt":{"rendered":"<p>[vc_row css=&#8221;.vc_custom_1547473050373{margin-bottom: 0px !important;}&#8221;][vc_column][\/vc_column][\/vc_row][vc_row css=&#8221;.vc_custom_1547473050373{margin-bottom: 0px !important;}&#8221;][vc_column width=&#8221;1\/2&#8243;][\/vc_column][vc_column width=&#8221;1\/2&#8243;][vc_column_text]Dostava se vr\u0161i svakog radnog dana do ulaza u stambenu zgradu na&#8230;<\/p>\n","protected":false},"author":1,"featured_media":0,"parent":0,"menu_order":0,"comment_status":"closed","ping_status":"closed","template":"","meta":{"footnotes":""},"class_list":["post-309","page","type-page","status-publish"],"jetpack_sharing_enabled":true,"_links":{"self":[{"href":"https:\/\/colmo-shop.com\/hr\/wp-json\/wp\/v2\/pages\/309","targetHints":{"allow":["GET"]}}],"collection":[{"href":"https:\/\/colmo-shop.com\/hr\/wp-json\/wp\/v2\/pages"}],"about":[{"href":"https:\/\/colmo-shop.com\/hr\/wp-json\/wp\/v2\/types\/page"}],"author":[{"embeddable":true,"href":"https:\/\/colmo-shop.com\/hr\/wp-json\/wp\/v2\/users\/1"}],"replies":[{"embeddable":true,"href":"https:\/\/colmo-shop.com\/hr\/wp-json\/wp\/v2\/comments?post=309"}],"version-history":[{"count":10,"href":"https:\/\/colmo-shop.com\/hr\/wp-json\/wp\/v2\/pages\/309\/revisions"}],"predecessor-version":[{"id":2305,"href":"https:\/\/colmo-shop.com\/hr\/wp-json\/wp\/v2\/pages\/309\/revisions\/2305"}],"wp:attachment":[{"href":"https:\/\/colmo-shop.com\/hr\/wp-json\/wp\/v2\/media?parent=309"}],"curies":[{"name":"wp","href":"https:\/\/api.w.org\/{rel}","templated":true}]}}