{"id":2740,"date":"2026-04-27T13:31:54","date_gmt":"2026-04-27T11:31:54","guid":{"rendered":"https:\/\/colmo-shop.com\/?post_type=product&#038;p=2740"},"modified":"2026-04-27T13:33:51","modified_gmt":"2026-04-27T11:33:51","slug":"olive-oil-leccino-opg-cinic","status":"publish","type":"product","link":"https:\/\/colmo-shop.com\/en\/product\/olive-oil-leccino-opg-cinic\/","title":{"rendered":"Olive oil Leccino , OPG \u010cini\u0107"},"content":{"rendered":"","protected":false},"excerpt":{"rendered":"<p>Talijanska sorta, harmoni\u010dno, svje\u017ee i lagano ulje izvrsne kakvo\u0107e, tamno zelene boje, mirisa i okusa na maslinu i aromati\u010dno bilje, vrlo blage gor\u010dine i pikantnosti.<\/p>\n","protected":false},"featured_media":2737,"template":"","meta":[],"product_brand":[268],"product_cat":[70],"product_tag":[],"class_list":{"0":"post-2740","1":"product","2":"type-product","3":"status-publish","4":"has-post-thumbnail","6":"product_brand-cinic-maslinovo-ulje","7":"product_cat-oil","9":"first","10":"instock","11":"shipping-taxable","12":"purchasable","13":"product-type-variable"},"jetpack_sharing_enabled":true,"_links":{"self":[{"href":"https:\/\/colmo-shop.com\/en\/wp-json\/wp\/v2\/product\/2740","targetHints":{"allow":["GET"]}}],"collection":[{"href":"https:\/\/colmo-shop.com\/en\/wp-json\/wp\/v2\/product"}],"about":[{"href":"https:\/\/colmo-shop.com\/en\/wp-json\/wp\/v2\/types\/product"}],"wp:featuredmedia":[{"embeddable":true,"href":"https:\/\/colmo-shop.com\/en\/wp-json\/wp\/v2\/media\/2737"}],"wp:attachment":[{"href":"https:\/\/colmo-shop.com\/en\/wp-json\/wp\/v2\/media?parent=2740"}],"wp:term":[{"taxonomy":"product_brand","embeddable":true,"href":"https:\/\/colmo-shop.com\/en\/wp-json\/wp\/v2\/product_brand?post=2740"},{"taxonomy":"product_cat","embeddable":true,"href":"https:\/\/colmo-shop.com\/en\/wp-json\/wp\/v2\/product_cat?post=2740"},{"taxonomy":"product_tag","embeddable":true,"href":"https:\/\/colmo-shop.com\/en\/wp-json\/wp\/v2\/product_tag?post=2740"}],"curies":[{"name":"wp","href":"https:\/\/api.w.org\/{rel}","templated":true}]}}