{"id":2727,"date":"2026-04-24T08:26:41","date_gmt":"2026-04-24T06:26:41","guid":{"rendered":"https:\/\/colmo-shop.com\/?post_type=product&#038;p=2727"},"modified":"2026-04-24T08:26:41","modified_gmt":"2026-04-24T06:26:41","slug":"honey-tris-acaciameadow-and-creme-honey-3-x-130g","status":"publish","type":"product","link":"https:\/\/colmo-shop.com\/en\/product\/honey-tris-acaciameadow-and-creme-honey-3-x-130g\/","title":{"rendered":"Honey tris -acacia,meadow and creme honey 3 x 130g"},"content":{"rendered":"","protected":false},"excerpt":{"rendered":"<p>U ponudi su tri vrste meda od 130 g (bagrem, cvjetni, krem med), a zajedno \u010dine set koji je:<\/p>\n<p>\u2022 idealan za one koji \u017eele isprobavati vi\u0161e okusa (neodlu\u010dni)<br \/>\n\u2022 savr\u0161en kao poklon koji izgleda posebno ili kao pa\u017eljivo odabrani znak zahvalnosti<br \/>\n\u2022 prakti\u010dan za degustaciju<br \/>\n\u2022 suvenir s puta<\/p>\n","protected":false},"featured_media":2728,"template":"","meta":[],"product_brand":[283],"product_cat":[72,256],"product_tag":[],"class_list":{"0":"post-2727","1":"product","2":"type-product","3":"status-publish","4":"has-post-thumbnail","6":"product_brand-med-bartolovic","7":"product_cat-honey","8":"product_cat-poklon-paketi","10":"first","11":"instock","12":"shipping-taxable","13":"purchasable","14":"product-type-simple"},"jetpack_sharing_enabled":true,"_links":{"self":[{"href":"https:\/\/colmo-shop.com\/en\/wp-json\/wp\/v2\/product\/2727","targetHints":{"allow":["GET"]}}],"collection":[{"href":"https:\/\/colmo-shop.com\/en\/wp-json\/wp\/v2\/product"}],"about":[{"href":"https:\/\/colmo-shop.com\/en\/wp-json\/wp\/v2\/types\/product"}],"wp:featuredmedia":[{"embeddable":true,"href":"https:\/\/colmo-shop.com\/en\/wp-json\/wp\/v2\/media\/2728"}],"wp:attachment":[{"href":"https:\/\/colmo-shop.com\/en\/wp-json\/wp\/v2\/media?parent=2727"}],"wp:term":[{"taxonomy":"product_brand","embeddable":true,"href":"https:\/\/colmo-shop.com\/en\/wp-json\/wp\/v2\/product_brand?post=2727"},{"taxonomy":"product_cat","embeddable":true,"href":"https:\/\/colmo-shop.com\/en\/wp-json\/wp\/v2\/product_cat?post=2727"},{"taxonomy":"product_tag","embeddable":true,"href":"https:\/\/colmo-shop.com\/en\/wp-json\/wp\/v2\/product_tag?post=2727"}],"curies":[{"name":"wp","href":"https:\/\/api.w.org\/{rel}","templated":true}]}}