{"id":2318,"date":"2025-06-13T09:20:14","date_gmt":"2025-06-13T07:20:14","guid":{"rendered":"https:\/\/colmo-shop.com\/?post_type=product&#038;p=2318"},"modified":"2025-06-13T09:34:08","modified_gmt":"2025-06-13T07:34:08","slug":"crni-tone-hot-sauce-100-ml","status":"publish","type":"product","link":"https:\/\/colmo-shop.com\/en\/product\/crni-tone-hot-sauce-100-ml\/","title":{"rendered":"\u010crni Tone hot sauce 100 ml"},"content":{"rendered":"","protected":false},"excerpt":{"rendered":"<table style=\"border-collapse: collapse;width: 48pt\" border=\"0\" width=\"64\" cellspacing=\"0\" cellpadding=\"0\">\n<tbody>\n<tr style=\"height: 14.4pt\">\n<td class=\"xl64\" style=\"height: 14.4pt;width: 48pt\" width=\"64\" height=\"19\"><span style=\"text-align: start\">Spoj jalapeno i habanero papri\u010dica s dodatkom dima i za\u010dina savr\u0161eno se spaja uz meso, a posebno kao dodatak stolu punom jela s ro\u0161tilja!\u00a0<\/span><\/td>\n<\/tr>\n<\/tbody>\n<\/table>\n<p>&nbsp;<\/p>\n","protected":false},"featured_media":2313,"template":"","meta":[],"product_brand":[257],"product_cat":[110,74],"product_tag":[],"class_list":{"0":"post-2318","1":"product","2":"type-product","3":"status-publish","4":"has-post-thumbnail","6":"product_brand-g-o-a-t-hot-sauce","7":"product_cat-gastro","8":"product_cat-sauces","10":"first","11":"instock","12":"shipping-taxable","13":"purchasable","14":"product-type-simple"},"jetpack_sharing_enabled":true,"_links":{"self":[{"href":"https:\/\/colmo-shop.com\/en\/wp-json\/wp\/v2\/product\/2318","targetHints":{"allow":["GET"]}}],"collection":[{"href":"https:\/\/colmo-shop.com\/en\/wp-json\/wp\/v2\/product"}],"about":[{"href":"https:\/\/colmo-shop.com\/en\/wp-json\/wp\/v2\/types\/product"}],"wp:featuredmedia":[{"embeddable":true,"href":"https:\/\/colmo-shop.com\/en\/wp-json\/wp\/v2\/media\/2313"}],"wp:attachment":[{"href":"https:\/\/colmo-shop.com\/en\/wp-json\/wp\/v2\/media?parent=2318"}],"wp:term":[{"taxonomy":"product_brand","embeddable":true,"href":"https:\/\/colmo-shop.com\/en\/wp-json\/wp\/v2\/product_brand?post=2318"},{"taxonomy":"product_cat","embeddable":true,"href":"https:\/\/colmo-shop.com\/en\/wp-json\/wp\/v2\/product_cat?post=2318"},{"taxonomy":"product_tag","embeddable":true,"href":"https:\/\/colmo-shop.com\/en\/wp-json\/wp\/v2\/product_tag?post=2318"}],"curies":[{"name":"wp","href":"https:\/\/api.w.org\/{rel}","templated":true}]}}